{"id":1002,"date":"2026-04-21T08:46:55","date_gmt":"2026-04-21T08:46:55","guid":{"rendered":"https:\/\/afroditeshop.it\/?post_type=product&#038;p=1002"},"modified":"2026-04-21T08:46:55","modified_gmt":"2026-04-21T08:46:55","slug":"seno-antistress-grande-12-cm-xxl-900-gr-scherzo-compleanno-party","status":"publish","type":"product","link":"https:\/\/afroditeshop.it\/index.php\/prodotto\/seno-antistress-grande-12-cm-xxl-900-gr-scherzo-compleanno-party\/","title":{"rendered":"SENO ANTISTRESS GRANDE 12 CM  XXL 900 gr. SCHERZO COMPLEANNO PARTY"},"content":{"rendered":"<div class=\"etc-description\" style=\"text-align:center\">\n<!-- ETC-Description-Start --><br \/>\n&nbsp;<span style=\", Arial, sans-serif;font-size: 14px;font-style: normal;font-weight: 400;letter-spacing: normal;text-align: start;text-indent: 0px;text-transform: none;white-space: normal;float: none\">Impastare vigorosamente contro lo stress!<\/span><br style=\", Arial, sans-serif;font-size: 14px;font-style: normal;font-weight: 400;letter-spacing: normal;text-align: start;text-indent: 0px;text-transform: none;white-space: normal\" \/><span style=\", Arial, sans-serif;font-size: 14px;font-style: normal;font-weight: 400;letter-spacing: normal;text-align: start;text-indent: 0px;text-transform: none;white-space: normal;float: none\">Questa palla antistress imita un bellissimo seno femminile ed \u00e8 perfetta per alleviare lo stress. Extra large nella versione a doppia D. L&#8217;utente ha la sensazione di impastare un seno vero e proprio e anche il capezzolo, cos\u00ec come l&#8217;areola \u00e8 autenticamente imitato! Particolarmente morbido e facile da strizzare, questo seno antistress \u00e8 ideale per il relax!<\/span><br style=\", Arial, sans-serif;font-size: 14px;font-style: normal;font-weight: 400;letter-spacing: normal;text-align: start;text-indent: 0px;text-transform: none;white-space: normal\" \/><br style=\", Arial, sans-serif;font-size: 14px;font-style: normal;font-weight: 400;letter-spacing: normal;text-align: start;text-indent: 0px;text-transform: none;white-space: normal\" \/><span style=\", Arial, sans-serif;font-size: 14px;font-style: normal;font-weight: 400;letter-spacing: normal;text-align: start;text-indent: 0px;text-transform: none;white-space: normal;float: none\">Diametro totale 12,6 cm. Peso 900 g.<\/span>\n<\/div>\n<div class=\"etc-description\" style=\"text-align:center\">\n\n<\/div>\n<div class=\"etc-description\" style=\"text-align:center\">\n\n<\/div>\n<div class=\"etc-description\" style=\"text-align:center\">\n\n<\/div>\n<div class=\"etc-description\" style=\"text-align:center\">\n\n<\/div>\n<div class=\"etc-description\" style=\"text-align:center\">\n\n<\/div>\n<div class=\"etc-description\" style=\"text-align:center\">\n<br \/>\n&nbsp;<font color=\"#00429a\"><u><br \/>\n<span style=\"font-size: x-large\">Merce nuova con Etichetta&nbsp;<\/span><\/u><\/font>\n<\/div>\n<div class=\"etc-description\" style=\"text-align:center\">\n<span style=\"font-size:x-large\"><font color=\"#00429a\"><u>&nbsp;Max riservatezza pacco sempre anonimo.<\/u><\/font><br \/>\n<\/span><!-- ETC-Description-End -->\n<\/div>\n","protected":false},"excerpt":{"rendered":"<p>&nbsp;Impastare vigorosamente contro lo stress!Questa palla antistress imita un bellissimo seno femminile ed \u00e8 perfetta per alleviare lo stress. Extra large nella versione a doppia D. L&#8217;utente ha la sensazione di impastare un seno vero e proprio e anche il capezzolo, cos\u00ec come l&#8217;areola \u00e8 autenticamente imitato! Particolarmente morbid&#8230;<\/p>\n","protected":false},"featured_media":1021,"comment_status":"open","ping_status":"closed","template":"","meta":{"site-sidebar-layout":"default","site-content-layout":"","ast-site-content-layout":"default","site-content-style":"default","site-sidebar-style":"default","ast-global-header-display":"","ast-banner-title-visibility":"","ast-main-header-display":"","ast-hfb-above-header-display":"","ast-hfb-below-header-display":"","ast-hfb-mobile-header-display":"","site-post-title":"","ast-breadcrumbs-content":"","ast-featured-img":"","footer-sml-layout":"","ast-disable-related-posts":"","theme-transparent-header-meta":"","adv-header-id-meta":"","stick-header-meta":"","header-above-stick-meta":"","header-main-stick-meta":"","header-below-stick-meta":"","astra-migrate-meta-layouts":"default","ast-page-background-enabled":"default","ast-page-background-meta":{"desktop":{"background-color":"var(--ast-global-color-5)","background-image":"","background-repeat":"repeat","background-position":"center center","background-size":"auto","background-attachment":"scroll","background-type":"","background-media":"","overlay-type":"","overlay-color":"","overlay-opacity":"","overlay-gradient":""},"tablet":{"background-color":"","background-image":"","background-repeat":"repeat","background-position":"center center","background-size":"auto","background-attachment":"scroll","background-type":"","background-media":"","overlay-type":"","overlay-color":"","overlay-opacity":"","overlay-gradient":""},"mobile":{"background-color":"","background-image":"","background-repeat":"repeat","background-position":"center center","background-size":"auto","background-attachment":"scroll","background-type":"","background-media":"","overlay-type":"","overlay-color":"","overlay-opacity":"","overlay-gradient":""}},"ast-content-background-meta":{"desktop":{"background-color":"var(--ast-global-color-4)","background-image":"","background-repeat":"repeat","background-position":"center center","background-size":"auto","background-attachment":"scroll","background-type":"","background-media":"","overlay-type":"","overlay-color":"","overlay-opacity":"","overlay-gradient":""},"tablet":{"background-color":"var(--ast-global-color-4)","background-image":"","background-repeat":"repeat","background-position":"center center","background-size":"auto","background-attachment":"scroll","background-type":"","background-media":"","overlay-type":"","overlay-color":"","overlay-opacity":"","overlay-gradient":""},"mobile":{"background-color":"var(--ast-global-color-4)","background-image":"","background-repeat":"repeat","background-position":"center center","background-size":"auto","background-attachment":"scroll","background-type":"","background-media":"","overlay-type":"","overlay-color":"","overlay-opacity":"","overlay-gradient":""}},"_joinchat":[]},"product_brand":[],"product_cat":[68,69],"product_tag":[],"class_list":{"0":"post-1002","1":"product","2":"type-product","3":"status-publish","4":"has-post-thumbnail","6":"product_cat-scherzi","7":"product_cat-spiritosi","8":"pa_supplier-out-of-the-blue","9":"desktop-align-center","10":"tablet-align-left","11":"mobile-align-left","13":"first","14":"instock","15":"shipping-taxable","16":"purchasable","17":"product-type-simple"},"jetpack_sharing_enabled":true,"_links":{"self":[{"href":"https:\/\/afroditeshop.it\/index.php\/wp-json\/wp\/v2\/product\/1002","targetHints":{"allow":["GET"]}}],"collection":[{"href":"https:\/\/afroditeshop.it\/index.php\/wp-json\/wp\/v2\/product"}],"about":[{"href":"https:\/\/afroditeshop.it\/index.php\/wp-json\/wp\/v2\/types\/product"}],"replies":[{"embeddable":true,"href":"https:\/\/afroditeshop.it\/index.php\/wp-json\/wp\/v2\/comments?post=1002"}],"wp:featuredmedia":[{"embeddable":true,"href":"https:\/\/afroditeshop.it\/index.php\/wp-json\/wp\/v2\/media\/1021"}],"wp:attachment":[{"href":"https:\/\/afroditeshop.it\/index.php\/wp-json\/wp\/v2\/media?parent=1002"}],"wp:term":[{"taxonomy":"product_brand","embeddable":true,"href":"https:\/\/afroditeshop.it\/index.php\/wp-json\/wp\/v2\/product_brand?post=1002"},{"taxonomy":"product_cat","embeddable":true,"href":"https:\/\/afroditeshop.it\/index.php\/wp-json\/wp\/v2\/product_cat?post=1002"},{"taxonomy":"product_tag","embeddable":true,"href":"https:\/\/afroditeshop.it\/index.php\/wp-json\/wp\/v2\/product_tag?post=1002"}],"curies":[{"name":"wp","href":"https:\/\/api.w.org\/{rel}","templated":true}]}}