{"id":418,"date":"2026-03-04T14:41:49","date_gmt":"2026-03-04T14:41:49","guid":{"rendered":"https:\/\/afroditeshop.it\/?post_type=product&#038;p=418"},"modified":"2026-03-04T14:54:23","modified_gmt":"2026-03-04T14:54:23","slug":"pompa-sviluppatore-per-uomo-lunghezza-24cm-blue","status":"publish","type":"product","link":"https:\/\/afroditeshop.it\/index.php\/prodotto\/pompa-sviluppatore-per-uomo-lunghezza-24cm-blue\/","title":{"rendered":"POMPA SVILUPPATORE PER UOMO LUNGHEZZA 24CM  BLUE"},"content":{"rendered":"<div class=\"etc-description\" style=\"text-align:center\">\n  <!-- ETC-Description-Start --> <\/p>\n<p>Basta con le stime vaghe su quanto \u00e8 grosso e su quanto pu\u00f2 essere grosso. Con questa pompa lo mettere in forma smagliante e poi potete leggere sulla scala quanto \u00e8 potente! Cilindro ca. 24 cm di lunghezza, \u00d8 3,7-4,5 cm. Manicotto espandibile. Nero\/blu trasparente. Materiale: ABS, silicone <\/p>\n<p>Dati<br \/>\nColore:<br \/>\nblu<br \/>\nMateriale:<br \/>\nABS + Silikon<br \/>\nTaglia<br \/>\nLunghezza:<br \/>\n24 cm<br \/>\nDiametro:<br \/>\n6,4 cm<br \/>\nPeso:<br \/>\n450 g<br \/>\nConfezione<br \/>\nLarghezza:<br \/>\n12,5 cm<br \/>\nAltezza:<br \/>\n10,5 cm<br \/>\nLunghezza:<br \/>\n33,5 cm <\/p>\n<\/div>\n<div class=\"etc-description\" style=\"text-align:center\">\n  <br \/> \n<\/div>\n<div class=\"etc-description\" style=\"text-align:center\">\n  <br \/> \n<\/div>\n<div class=\"etc-description\" style=\"text-align:center\">\n  <br \/> \n<\/div>\n<div class=\"etc-description\" style=\"text-align:center\">\n  <br \/> \n<\/div>\n<div class=\"etc-description\" style=\"text-align:center\">\n  <br \/> \n<\/div>\n<div class=\"etc-description\" style=\"text-align:center\">\n  <br \/>&nbsp;<span style=\"color:#00429a\"><u> <span style=\"font-size: x-large\">Merce<br \/>\n  nuova con Etichetta&nbsp;<\/span><\/u><\/span>\n<\/div>\n<div class=\"etc-description\" style=\"text-align:center\">\n  <span style=\"font-size:x-large\"><span style=\"color:#00429a\"><u>&nbsp;Max riservatezza<br \/>\n  pacco sempre anonimo.<\/u><\/span> <\/span><!-- ETC-Description-End -->\n<\/div>\n","protected":false},"excerpt":{"rendered":"<p>Basta con le stime vaghe su quanto \u00e8 grosso e su quanto pu\u00f2 essere grosso. Con questa pompa lo mettere in forma smagliante e poi potete leggere sulla scala quanto \u00e8 potente! Cilindro ca. 24 cm di lunghezza, \u00d8 3,7-4,5 cm. Manicotto espandibile. Nero\/blu trasparente. Materiale: ABS, silicone <\/p>\n<p>Dati<br \/>\nColore:<br \/>\nblu<br \/>\nMateriale:<br \/>\nABS + Sili&#8230;<\/p>\n","protected":false},"featured_media":465,"comment_status":"open","ping_status":"closed","template":"","meta":{"site-sidebar-layout":"default","site-content-layout":"","ast-site-content-layout":"default","site-content-style":"default","site-sidebar-style":"default","ast-global-header-display":"","ast-banner-title-visibility":"","ast-main-header-display":"","ast-hfb-above-header-display":"","ast-hfb-below-header-display":"","ast-hfb-mobile-header-display":"","site-post-title":"","ast-breadcrumbs-content":"","ast-featured-img":"","footer-sml-layout":"","ast-disable-related-posts":"","theme-transparent-header-meta":"","adv-header-id-meta":"","stick-header-meta":"","header-above-stick-meta":"","header-main-stick-meta":"","header-below-stick-meta":"","astra-migrate-meta-layouts":"default","ast-page-background-enabled":"default","ast-page-background-meta":{"desktop":{"background-color":"var(--ast-global-color-5)","background-image":"","background-repeat":"repeat","background-position":"center center","background-size":"auto","background-attachment":"scroll","background-type":"","background-media":"","overlay-type":"","overlay-color":"","overlay-opacity":"","overlay-gradient":""},"tablet":{"background-color":"","background-image":"","background-repeat":"repeat","background-position":"center center","background-size":"auto","background-attachment":"scroll","background-type":"","background-media":"","overlay-type":"","overlay-color":"","overlay-opacity":"","overlay-gradient":""},"mobile":{"background-color":"","background-image":"","background-repeat":"repeat","background-position":"center center","background-size":"auto","background-attachment":"scroll","background-type":"","background-media":"","overlay-type":"","overlay-color":"","overlay-opacity":"","overlay-gradient":""}},"ast-content-background-meta":{"desktop":{"background-color":"var(--ast-global-color-4)","background-image":"","background-repeat":"repeat","background-position":"center center","background-size":"auto","background-attachment":"scroll","background-type":"","background-media":"","overlay-type":"","overlay-color":"","overlay-opacity":"","overlay-gradient":""},"tablet":{"background-color":"var(--ast-global-color-4)","background-image":"","background-repeat":"repeat","background-position":"center center","background-size":"auto","background-attachment":"scroll","background-type":"","background-media":"","overlay-type":"","overlay-color":"","overlay-opacity":"","overlay-gradient":""},"mobile":{"background-color":"var(--ast-global-color-4)","background-image":"","background-repeat":"repeat","background-position":"center center","background-size":"auto","background-attachment":"scroll","background-type":"","background-media":"","overlay-type":"","overlay-color":"","overlay-opacity":"","overlay-gradient":""}},"_joinchat":[]},"product_brand":[],"product_cat":[19,114],"product_tag":[],"class_list":{"0":"post-418","1":"product","2":"type-product","3":"status-publish","4":"has-post-thumbnail","6":"product_cat-oggettistica","7":"product_cat-sviluppatori","8":"pa_supplier-orion","9":"desktop-align-center","10":"tablet-align-left","11":"mobile-align-left","13":"first","14":"instock","15":"shipping-taxable","16":"purchasable","17":"product-type-simple"},"jetpack_sharing_enabled":true,"_links":{"self":[{"href":"https:\/\/afroditeshop.it\/index.php\/wp-json\/wp\/v2\/product\/418","targetHints":{"allow":["GET"]}}],"collection":[{"href":"https:\/\/afroditeshop.it\/index.php\/wp-json\/wp\/v2\/product"}],"about":[{"href":"https:\/\/afroditeshop.it\/index.php\/wp-json\/wp\/v2\/types\/product"}],"replies":[{"embeddable":true,"href":"https:\/\/afroditeshop.it\/index.php\/wp-json\/wp\/v2\/comments?post=418"}],"wp:featuredmedia":[{"embeddable":true,"href":"https:\/\/afroditeshop.it\/index.php\/wp-json\/wp\/v2\/media\/465"}],"wp:attachment":[{"href":"https:\/\/afroditeshop.it\/index.php\/wp-json\/wp\/v2\/media?parent=418"}],"wp:term":[{"taxonomy":"product_brand","embeddable":true,"href":"https:\/\/afroditeshop.it\/index.php\/wp-json\/wp\/v2\/product_brand?post=418"},{"taxonomy":"product_cat","embeddable":true,"href":"https:\/\/afroditeshop.it\/index.php\/wp-json\/wp\/v2\/product_cat?post=418"},{"taxonomy":"product_tag","embeddable":true,"href":"https:\/\/afroditeshop.it\/index.php\/wp-json\/wp\/v2\/product_tag?post=418"}],"curies":[{"name":"wp","href":"https:\/\/api.w.org\/{rel}","templated":true}]}}