{"id":419,"date":"2026-03-04T14:41:49","date_gmt":"2026-03-04T14:41:49","guid":{"rendered":"https:\/\/afroditeshop.it\/?post_type=product&#038;p=419"},"modified":"2026-03-04T14:54:23","modified_gmt":"2026-03-04T14:54:23","slug":"pompa-sviluppatore-per-uomo-x-factor-grande-3-quarnizioni","status":"publish","type":"product","link":"https:\/\/afroditeshop.it\/index.php\/prodotto\/pompa-sviluppatore-per-uomo-x-factor-grande-3-quarnizioni\/","title":{"rendered":"POMPA SVILUPPATORE PER UOMO X FACTOR GRANDE 3 QUARNIZIONI"},"content":{"rendered":"<p><\/font><\/font><\/p>\n<div class=\"etc-description\" style=\"text-align:center\"><!-- ETC-Description-Start --> <\/p>\n<p>Sette Creazione Pompa X-Factor del pene \u00e8 la cr\u00e8me de la cr\u00e8me tra le pompe di aspirazione. &#8230;. \u00e8 la pompa del pene pi\u00f9 grande che \u00e8 attualmente disponibile sul mercato. Ci\u00f2 che l&#8217;uomo non gode al pensiero di essere in grado di colmare questa bottiglia enorme? Questo sistema del pene \u00e8 stato progettato per addestrare il pene per migliorare le prestazioni. Il fattore pompa Enlarger X \u00e8 una pompa potente ed efficace con tre diversi anelli di tenuta. La pompa \u00e8 pratico da usare e ha una maniglia solida e un tubo di aspirazione ultra potente. Quindi fare voi stessi e il vostro partner un favore, e andare per la resistenza alla trazione! <\/p>\n<p>caratteristiche principali<br \/>\n\u2022 Sette Creazione X Factor pompa ingranditore \u00e8 eccezionalmente grande e potente ingranditore pene<br \/>\n\u2022 Realizzata in PVC robusto e durevole<br \/>\n\u2022 Dotata di pompa, scarico della pressione e un tubo di aspirazione ultra potente<br \/>\n\u2022 Tre diversi anelli di progettazione forniti in diverse dimensioni, nei toni del rosa, viola e blu<br \/>\n\u2022 Dimensioni: diametro 31 cm:: lunghezza 7 cm<br \/>\n\u2022 Facile da usare e facile da pulire<br \/>\n\u2022 con panno di pulizia Honey21 <\/p>\n<p>\u2022 1 x Sette Creation<br \/>\n\u2022 Fattore X-Pump Enlarger<br \/>\n\u2022 Pompa per pene<br \/>\n\u2022 \u00d8 65 millimetri<br \/>\nrosa anello \u2022 1 prolunga<br \/>\nanello di luce \u2022 1 prolunga<br \/>\n\u2022 Anello 1 estensione viola<br \/>\n\u2022 panno per la pulizia Honey21 <\/p>\n<\/div>\n<div class=\"etc-description\" style=\"text-align:center\"><\/div>\n<div class=\"etc-description\" style=\"text-align:center\"><\/div>\n<div class=\"etc-description\" style=\"text-align:center\"><\/div>\n<div class=\"etc-description\" style=\"text-align:center\"><\/div>\n<div class=\"etc-description\" style=\"text-align:center\"><\/div>\n<div class=\"etc-description\" style=\"text-align:center\">&nbsp;<font color=\"#00429a\"><u><br \/>\n<span style=\"font-size: x-large\">Merce nuova con Etichetta&nbsp;<\/span><\/u><\/font><\/div>\n<div class=\"etc-description\" style=\"text-align:center\"><span style=\"font-size:x-large\"><font color=\"#00429a\"><u>&nbsp;Max riservatezza pacco sempre anonimo.<\/u><\/font><br \/>\n<\/span><!-- ETC-Description-End --><\/div>\n","protected":false},"excerpt":{"rendered":"<p>Sette Creazione Pompa X-Factor del pene \u00e8 la cr\u00e8me de la cr\u00e8me tra le pompe di aspirazione. &#8230;. \u00e8 la pompa del pene pi\u00f9 grande che \u00e8 attualmente disponibile sul mercato. Ci\u00f2 che l&#8217;uomo non gode al pensiero di essere in grado di colmare questa bottiglia enorme? Questo sistema del pene \u00e8 stato progettato per addestrare il pene per&#8230;<\/p>\n","protected":false},"featured_media":466,"comment_status":"open","ping_status":"closed","template":"","meta":{"site-sidebar-layout":"default","site-content-layout":"","ast-site-content-layout":"default","site-content-style":"default","site-sidebar-style":"default","ast-global-header-display":"","ast-banner-title-visibility":"","ast-main-header-display":"","ast-hfb-above-header-display":"","ast-hfb-below-header-display":"","ast-hfb-mobile-header-display":"","site-post-title":"","ast-breadcrumbs-content":"","ast-featured-img":"","footer-sml-layout":"","ast-disable-related-posts":"","theme-transparent-header-meta":"","adv-header-id-meta":"","stick-header-meta":"","header-above-stick-meta":"","header-main-stick-meta":"","header-below-stick-meta":"","astra-migrate-meta-layouts":"default","ast-page-background-enabled":"default","ast-page-background-meta":{"desktop":{"background-color":"var(--ast-global-color-5)","background-image":"","background-repeat":"repeat","background-position":"center center","background-size":"auto","background-attachment":"scroll","background-type":"","background-media":"","overlay-type":"","overlay-color":"","overlay-opacity":"","overlay-gradient":""},"tablet":{"background-color":"","background-image":"","background-repeat":"repeat","background-position":"center center","background-size":"auto","background-attachment":"scroll","background-type":"","background-media":"","overlay-type":"","overlay-color":"","overlay-opacity":"","overlay-gradient":""},"mobile":{"background-color":"","background-image":"","background-repeat":"repeat","background-position":"center center","background-size":"auto","background-attachment":"scroll","background-type":"","background-media":"","overlay-type":"","overlay-color":"","overlay-opacity":"","overlay-gradient":""}},"ast-content-background-meta":{"desktop":{"background-color":"var(--ast-global-color-4)","background-image":"","background-repeat":"repeat","background-position":"center center","background-size":"auto","background-attachment":"scroll","background-type":"","background-media":"","overlay-type":"","overlay-color":"","overlay-opacity":"","overlay-gradient":""},"tablet":{"background-color":"var(--ast-global-color-4)","background-image":"","background-repeat":"repeat","background-position":"center center","background-size":"auto","background-attachment":"scroll","background-type":"","background-media":"","overlay-type":"","overlay-color":"","overlay-opacity":"","overlay-gradient":""},"mobile":{"background-color":"var(--ast-global-color-4)","background-image":"","background-repeat":"repeat","background-position":"center center","background-size":"auto","background-attachment":"scroll","background-type":"","background-media":"","overlay-type":"","overlay-color":"","overlay-opacity":"","overlay-gradient":""}},"_joinchat":[]},"product_brand":[],"product_cat":[19,114],"product_tag":[],"class_list":{"0":"post-419","1":"product","2":"type-product","3":"status-publish","4":"has-post-thumbnail","6":"product_cat-oggettistica","7":"product_cat-sviluppatori","8":"pa_supplier-scala","9":"desktop-align-center","10":"tablet-align-left","11":"mobile-align-left","13":"first","14":"instock","15":"shipping-taxable","16":"purchasable","17":"product-type-simple"},"jetpack_sharing_enabled":true,"_links":{"self":[{"href":"https:\/\/afroditeshop.it\/index.php\/wp-json\/wp\/v2\/product\/419","targetHints":{"allow":["GET"]}}],"collection":[{"href":"https:\/\/afroditeshop.it\/index.php\/wp-json\/wp\/v2\/product"}],"about":[{"href":"https:\/\/afroditeshop.it\/index.php\/wp-json\/wp\/v2\/types\/product"}],"replies":[{"embeddable":true,"href":"https:\/\/afroditeshop.it\/index.php\/wp-json\/wp\/v2\/comments?post=419"}],"wp:featuredmedia":[{"embeddable":true,"href":"https:\/\/afroditeshop.it\/index.php\/wp-json\/wp\/v2\/media\/466"}],"wp:attachment":[{"href":"https:\/\/afroditeshop.it\/index.php\/wp-json\/wp\/v2\/media?parent=419"}],"wp:term":[{"taxonomy":"product_brand","embeddable":true,"href":"https:\/\/afroditeshop.it\/index.php\/wp-json\/wp\/v2\/product_brand?post=419"},{"taxonomy":"product_cat","embeddable":true,"href":"https:\/\/afroditeshop.it\/index.php\/wp-json\/wp\/v2\/product_cat?post=419"},{"taxonomy":"product_tag","embeddable":true,"href":"https:\/\/afroditeshop.it\/index.php\/wp-json\/wp\/v2\/product_tag?post=419"}],"curies":[{"name":"wp","href":"https:\/\/api.w.org\/{rel}","templated":true}]}}