{"id":423,"date":"2026-03-04T14:41:49","date_gmt":"2026-03-04T14:41:49","guid":{"rendered":"https:\/\/afroditeshop.it\/?post_type=product&#038;p=423"},"modified":"2026-03-04T14:54:24","modified_gmt":"2026-03-04T14:54:24","slug":"sviluppatore-a-pompa-bathmate-hydromax-5-more-power-35-trasparente-05340050000","status":"publish","type":"product","link":"https:\/\/afroditeshop.it\/index.php\/prodotto\/sviluppatore-a-pompa-bathmate-hydromax-5-more-power-35-trasparente-05340050000\/","title":{"rendered":"SVILUPPATORE A POMPA BATHMATE HYDROMAX 5 MORE POWER 35% TRASPARENTE 05340050000"},"content":{"rendered":"<p><\/font><\/font><\/p>\n<div class=\"etc-description\" style=\"text-align:center\"><!-- ETC-Description-Start --> <\/p>\n<p>Il nuovo Hydromax 5 \u00e8 l&#8217;ultima aggiunta alla gamma Bathmate. Hydromax 5 \u00e8 progettato per i ragazzi il cui pene non supera i 3,5-6 pollici. <\/p>\n<p>Hydromax 5 genera una forza di aspirazione maggiore del 35% rispetto a Hercules kgazie al suo esclusivo sistema di pompa a soffietto di nuova concezione, che offre guadagni migliori e pi\u00f9 veloci. Il sistema a soffietto ora incorpora una nuova tenuta morbida, un anello di comfort a pieno supporto per darti una pressione ridotta e un maggiore comfort intorno alla base del pene e alla regione del testicolo. Come bonus aggiuntivo, \u00e8 anche rimovibile per facilitare la pulizia. <\/p>\n<p>Una nuova funzione a soffietto orientabile consente una rotazione positiva a 360 kgadi per offrire una visione visiva completa della camera pi\u00f9 un&#8217;opzione di variazione dell&#8217;angolo inclinato per un&#8217;efficienza ottimale quando viene utilizzata nella vasca da bagno o nella doccia o quando si utilizza il nuovo straordinario sistema di anelli di piacere Hydromax. <\/p>\n<p>Un nuovo sistema Super Flow Latch Valve consente il riempimento con una sola mano nella doccia, facilitando l&#8217;utilizzo e il posizionamento dell&#8217;idropompa. Una nuova scala di guida metrica e imperiale offre una migliore area visiva, oltre a una trama superiore e inferiore sul tubo del vuoto per una migliore presa e controllo. La dimensione del soffietto interno \u00e8 stata aumentata e il numero di convolute \u00e8 stato ridotto per consentire un&#8217;espansione della circonferenza ancora pi\u00f9 impressionante. <\/p>\n<\/div>\n<div class=\"etc-description\" style=\"text-align:center\"><\/div>\n<div class=\"etc-description\" style=\"text-align:center\"><\/div>\n<div class=\"etc-description\" style=\"text-align:center\"><\/div>\n<div class=\"etc-description\" style=\"text-align:center\"><\/div>\n<div class=\"etc-description\" style=\"text-align:center\"><\/div>\n<div class=\"etc-description\" style=\"text-align:center\">&nbsp;<font color=\"#00429a\"><u><br \/>\n<span style=\"font-size: x-large\">Merce nuova con Etichetta&nbsp;<\/span><\/u><\/font><\/div>\n<div class=\"etc-description\" style=\"text-align:center\"><span style=\"font-size:x-large\"><font color=\"#00429a\"><u>&nbsp;Max riservatezza pacco sempre anonimo.<\/u><\/font><br \/>\n<\/span><!-- ETC-Description-End --><\/div>\n","protected":false},"excerpt":{"rendered":"<p>Il nuovo Hydromax 5 \u00e8 l&#8217;ultima aggiunta alla gamma Bathmate. Hydromax 5 \u00e8 progettato per i ragazzi il cui pene non supera i 3,5-6 pollici. <\/p>\n<p>Hydromax 5 genera una forza di aspirazione maggiore del 35% rispetto a Hercules kgazie al suo esclusivo sistema di pompa a soffietto di nuova concezione, che offre guadagni migliori e pi\u00f9 veloci&#8230;<\/p>\n","protected":false},"featured_media":471,"comment_status":"open","ping_status":"closed","template":"","meta":{"site-sidebar-layout":"default","site-content-layout":"","ast-site-content-layout":"default","site-content-style":"default","site-sidebar-style":"default","ast-global-header-display":"","ast-banner-title-visibility":"","ast-main-header-display":"","ast-hfb-above-header-display":"","ast-hfb-below-header-display":"","ast-hfb-mobile-header-display":"","site-post-title":"","ast-breadcrumbs-content":"","ast-featured-img":"","footer-sml-layout":"","ast-disable-related-posts":"","theme-transparent-header-meta":"","adv-header-id-meta":"","stick-header-meta":"","header-above-stick-meta":"","header-main-stick-meta":"","header-below-stick-meta":"","astra-migrate-meta-layouts":"default","ast-page-background-enabled":"default","ast-page-background-meta":{"desktop":{"background-color":"var(--ast-global-color-5)","background-image":"","background-repeat":"repeat","background-position":"center center","background-size":"auto","background-attachment":"scroll","background-type":"","background-media":"","overlay-type":"","overlay-color":"","overlay-opacity":"","overlay-gradient":""},"tablet":{"background-color":"","background-image":"","background-repeat":"repeat","background-position":"center center","background-size":"auto","background-attachment":"scroll","background-type":"","background-media":"","overlay-type":"","overlay-color":"","overlay-opacity":"","overlay-gradient":""},"mobile":{"background-color":"","background-image":"","background-repeat":"repeat","background-position":"center center","background-size":"auto","background-attachment":"scroll","background-type":"","background-media":"","overlay-type":"","overlay-color":"","overlay-opacity":"","overlay-gradient":""}},"ast-content-background-meta":{"desktop":{"background-color":"var(--ast-global-color-4)","background-image":"","background-repeat":"repeat","background-position":"center center","background-size":"auto","background-attachment":"scroll","background-type":"","background-media":"","overlay-type":"","overlay-color":"","overlay-opacity":"","overlay-gradient":""},"tablet":{"background-color":"var(--ast-global-color-4)","background-image":"","background-repeat":"repeat","background-position":"center center","background-size":"auto","background-attachment":"scroll","background-type":"","background-media":"","overlay-type":"","overlay-color":"","overlay-opacity":"","overlay-gradient":""},"mobile":{"background-color":"var(--ast-global-color-4)","background-image":"","background-repeat":"repeat","background-position":"center center","background-size":"auto","background-attachment":"scroll","background-type":"","background-media":"","overlay-type":"","overlay-color":"","overlay-opacity":"","overlay-gradient":""}},"_joinchat":[]},"product_brand":[],"product_cat":[19,114],"product_tag":[],"class_list":{"0":"post-423","1":"product","2":"type-product","3":"status-publish","4":"has-post-thumbnail","6":"product_cat-oggettistica","7":"product_cat-sviluppatori","8":"pa_supplier-scala","9":"desktop-align-center","10":"tablet-align-left","11":"mobile-align-left","13":"first","14":"instock","15":"shipping-taxable","16":"purchasable","17":"product-type-simple"},"jetpack_sharing_enabled":true,"_links":{"self":[{"href":"https:\/\/afroditeshop.it\/index.php\/wp-json\/wp\/v2\/product\/423","targetHints":{"allow":["GET"]}}],"collection":[{"href":"https:\/\/afroditeshop.it\/index.php\/wp-json\/wp\/v2\/product"}],"about":[{"href":"https:\/\/afroditeshop.it\/index.php\/wp-json\/wp\/v2\/types\/product"}],"replies":[{"embeddable":true,"href":"https:\/\/afroditeshop.it\/index.php\/wp-json\/wp\/v2\/comments?post=423"}],"wp:featuredmedia":[{"embeddable":true,"href":"https:\/\/afroditeshop.it\/index.php\/wp-json\/wp\/v2\/media\/471"}],"wp:attachment":[{"href":"https:\/\/afroditeshop.it\/index.php\/wp-json\/wp\/v2\/media?parent=423"}],"wp:term":[{"taxonomy":"product_brand","embeddable":true,"href":"https:\/\/afroditeshop.it\/index.php\/wp-json\/wp\/v2\/product_brand?post=423"},{"taxonomy":"product_cat","embeddable":true,"href":"https:\/\/afroditeshop.it\/index.php\/wp-json\/wp\/v2\/product_cat?post=423"},{"taxonomy":"product_tag","embeddable":true,"href":"https:\/\/afroditeshop.it\/index.php\/wp-json\/wp\/v2\/product_tag?post=423"}],"curies":[{"name":"wp","href":"https:\/\/api.w.org\/{rel}","templated":true}]}}