{"id":507,"date":"2026-03-04T15:10:35","date_gmt":"2026-03-04T15:10:35","guid":{"rendered":"https:\/\/afroditeshop.it\/?post_type=product&#038;p=507"},"modified":"2026-03-04T15:10:35","modified_gmt":"2026-03-04T15:10:35","slug":"fallo-doppio-romolo-e-remo-75-nero-penetrazione","status":"publish","type":"product","link":"https:\/\/afroditeshop.it\/index.php\/prodotto\/fallo-doppio-romolo-e-remo-75-nero-penetrazione\/","title":{"rendered":"FALLO DOPPIO ROMOLO E REMO 7,5&quot; NERO PENETRAZIONE"},"content":{"rendered":"<p><\/font><\/font><\/p>\n<div class=\"etc-description\" style=\"text-align:center\"><!-- ETC-Description-Start --><\/p>\n<p>Romolo e Remo Black \u00e8 un dildo doppio, il sex toy che ogni donna dovrebbe provare almeno una volta nella vita. Perch\u00e8? Perch\u00e8 \u00e8 in grado di farti godere di una penetrazione unica ed intensa come nessun altro sa fare. Finalmente potrai esaudire quel desiderio segreto che ti ha stuzzicato durante i tuoi sogni pi\u00f9 eccitanti! Morbido al tatto e confortevole sulla pelle, il toy ha un design realistico con glandi e fusti ricchi di venature. Scopri il piacere intenso di essere presa totalmente, lasciati andare ad orgasmi mai provati e divertiti ad usarlo nella posizione che pi\u00f9 ti stuzzica grazie alla potente base a ventosa.<\/p>\n<p>Non lasciarti scappare la possibilit\u00e0 di provare emozioni che solo un prodotto Made in Italy sa regalarti:<\/p>\n<p>Design ricercato e curato nei dettagli;<\/p>\n<p>Materiali di ottima qualit\u00e0;<\/p>\n<p>Realizzato per la doppia penetrazione.<\/p>\n<p>Ricorda<\/p>\n<p>Per ottenere il massimo del piacere in totale sicurezza, ricorda sempre di utilizzarlo insieme ad un lubrificante ad acqua e di igienizzarlo con un toy cleaner dopo l&#8217;uso.<\/p>\n<p>Caratteristiche e dettagli<br \/>\nMateriale: Bio-based, Privo Di Ftalati, Pvc<br \/>\nColore: Nero<br \/>\nLunghezza: 18.5 cm<br \/>\nDiametro: 6 cm<br \/>\nWaterproof: Si<br \/>\nPensato: Per Lei<br \/>\nStimolazione: Anale, Vaginale<br \/>\nPropriet\u00e0: Con Ventosa, Per Esperti<br \/>\nCaratteristiche e dettagli<br \/>\nMateriale: Bio-based, Privo Di Ftalati, Pvc<br \/>\nColore: Nero<br \/>\nLunghezza: 15.5 cm<br \/>\nDiametro: 3.5 cm<br \/>\nWaterproof: Si<br \/>\nPensato: Per Lei<br \/>\nStimolazione: Anale, Vaginale<br \/>\nPropriet\u00e0: Con Ventosa, Per Esperti<\/p>\n<\/div>\n<div class=\"etc-description\" style=\"text-align:center\"><\/div>\n<div class=\"etc-description\" style=\"text-align:center\"><\/div>\n<div class=\"etc-description\" style=\"text-align:center\"><\/div>\n<div class=\"etc-description\" style=\"text-align:center\"><\/div>\n<div class=\"etc-description\" style=\"text-align:center\"><\/div>\n<div class=\"etc-description\" style=\"text-align:center\">&nbsp;<font color=\"#00429a\"><u><br \/>\n<span style=\"font-size: x-large\">Merce nuova con Etichetta&nbsp;<\/span><\/u><\/font><\/div>\n<div class=\"etc-description\" style=\"text-align:center\"><span style=\"font-size:x-large\"><font color=\"#00429a\"><u>&nbsp;Max riservatezza pacco sempre anonimo.<\/u><\/font><br \/>\n<\/span><!-- ETC-Description-End --><\/div>\n","protected":false},"excerpt":{"rendered":"<p>Romolo e Remo Black \u00e8 un dildo doppio, il sex toy che ogni donna dovrebbe provare almeno una volta nella vita. Perch\u00e8? Perch\u00e8 \u00e8 in grado di farti godere di una penetrazione unica ed intensa come nessun altro sa fare. Finalmente potrai esaudire quel desiderio segreto che ti ha stuzzicato durante i tuoi sogni pi\u00f9 eccitanti! Morbido al &#8230;<\/p>\n","protected":false},"featured_media":536,"comment_status":"open","ping_status":"closed","template":"","meta":{"site-sidebar-layout":"default","site-content-layout":"","ast-site-content-layout":"default","site-content-style":"default","site-sidebar-style":"default","ast-global-header-display":"","ast-banner-title-visibility":"","ast-main-header-display":"","ast-hfb-above-header-display":"","ast-hfb-below-header-display":"","ast-hfb-mobile-header-display":"","site-post-title":"","ast-breadcrumbs-content":"","ast-featured-img":"","footer-sml-layout":"","ast-disable-related-posts":"","theme-transparent-header-meta":"","adv-header-id-meta":"","stick-header-meta":"","header-above-stick-meta":"","header-main-stick-meta":"","header-below-stick-meta":"","astra-migrate-meta-layouts":"default","ast-page-background-enabled":"default","ast-page-background-meta":{"desktop":{"background-color":"var(--ast-global-color-5)","background-image":"","background-repeat":"repeat","background-position":"center center","background-size":"auto","background-attachment":"scroll","background-type":"","background-media":"","overlay-type":"","overlay-color":"","overlay-opacity":"","overlay-gradient":""},"tablet":{"background-color":"","background-image":"","background-repeat":"repeat","background-position":"center center","background-size":"auto","background-attachment":"scroll","background-type":"","background-media":"","overlay-type":"","overlay-color":"","overlay-opacity":"","overlay-gradient":""},"mobile":{"background-color":"","background-image":"","background-repeat":"repeat","background-position":"center center","background-size":"auto","background-attachment":"scroll","background-type":"","background-media":"","overlay-type":"","overlay-color":"","overlay-opacity":"","overlay-gradient":""}},"ast-content-background-meta":{"desktop":{"background-color":"var(--ast-global-color-4)","background-image":"","background-repeat":"repeat","background-position":"center center","background-size":"auto","background-attachment":"scroll","background-type":"","background-media":"","overlay-type":"","overlay-color":"","overlay-opacity":"","overlay-gradient":""},"tablet":{"background-color":"var(--ast-global-color-4)","background-image":"","background-repeat":"repeat","background-position":"center center","background-size":"auto","background-attachment":"scroll","background-type":"","background-media":"","overlay-type":"","overlay-color":"","overlay-opacity":"","overlay-gradient":""},"mobile":{"background-color":"var(--ast-global-color-4)","background-image":"","background-repeat":"repeat","background-position":"center center","background-size":"auto","background-attachment":"scroll","background-type":"","background-media":"","overlay-type":"","overlay-color":"","overlay-opacity":"","overlay-gradient":""}},"_joinchat":[]},"product_brand":[],"product_cat":[162,42],"product_tag":[],"class_list":{"0":"post-507","1":"product","2":"type-product","3":"status-publish","4":"has-post-thumbnail","6":"product_cat-doppio","7":"product_cat-falli-dildo-e-strap-on","8":"pa_supplier-msx-distribution-s-r-l","9":"desktop-align-center","10":"tablet-align-left","11":"mobile-align-left","13":"first","14":"instock","15":"shipping-taxable","16":"purchasable","17":"product-type-simple"},"jetpack_sharing_enabled":true,"_links":{"self":[{"href":"https:\/\/afroditeshop.it\/index.php\/wp-json\/wp\/v2\/product\/507","targetHints":{"allow":["GET"]}}],"collection":[{"href":"https:\/\/afroditeshop.it\/index.php\/wp-json\/wp\/v2\/product"}],"about":[{"href":"https:\/\/afroditeshop.it\/index.php\/wp-json\/wp\/v2\/types\/product"}],"replies":[{"embeddable":true,"href":"https:\/\/afroditeshop.it\/index.php\/wp-json\/wp\/v2\/comments?post=507"}],"wp:featuredmedia":[{"embeddable":true,"href":"https:\/\/afroditeshop.it\/index.php\/wp-json\/wp\/v2\/media\/536"}],"wp:attachment":[{"href":"https:\/\/afroditeshop.it\/index.php\/wp-json\/wp\/v2\/media?parent=507"}],"wp:term":[{"taxonomy":"product_brand","embeddable":true,"href":"https:\/\/afroditeshop.it\/index.php\/wp-json\/wp\/v2\/product_brand?post=507"},{"taxonomy":"product_cat","embeddable":true,"href":"https:\/\/afroditeshop.it\/index.php\/wp-json\/wp\/v2\/product_cat?post=507"},{"taxonomy":"product_tag","embeddable":true,"href":"https:\/\/afroditeshop.it\/index.php\/wp-json\/wp\/v2\/product_tag?post=507"}],"curies":[{"name":"wp","href":"https:\/\/api.w.org\/{rel}","templated":true}]}}