{"id":537,"date":"2026-03-04T15:09:27","date_gmt":"2026-03-04T15:09:27","guid":{"rendered":"https:\/\/afroditeshop.it\/?post_type=product&#038;p=537"},"modified":"2026-03-04T15:09:27","modified_gmt":"2026-03-04T15:09:27","slug":"plug-anale-metallo-small-dark-secret-unisex-toys-s-conf","status":"publish","type":"product","link":"https:\/\/afroditeshop.it\/index.php\/prodotto\/plug-anale-metallo-small-dark-secret-unisex-toys-s-conf\/","title":{"rendered":"PLUG ANALE METALLO SMALL DARK SECRET UNISEX TOYS S\/CONF."},"content":{"rendered":"<p><\/font><\/font><\/p>\n<div class=\"etc-description\" style=\"text-align:center\"><!-- ETC-Description-Start --><\/p>\n<p>Dark Secret \u00e8 un plug anale elegante e lussuoso, caratterizzato da un gioiello incastonato alla base che briller\u00e0 di sensualit\u00e0 una volta inserito all&#8217;interno dell\u2019ano. Date le sue gentili dimensioni, \u00e8 un plug ideale per accostarsi ai piaceri del lato B e goderne profondamente. Facile da maneggiare grazie alla pratica presa, la punta arrotondata permette un graduale inserimento. \u00c8 realizzato con materiali di qualit\u00e0 ed ha una forma a goccia. Si consiglia di abbinare un lubrificante a base siliconica per un piacere scorrevole. <\/p>\n<p>Dettagli<br \/>\nMateriale: Metallo<br \/>\nColore: Nero<br \/>\nLunghezza: 7 cm<br \/>\nDiametro: 2.8 cm<br \/>\nStimolazione: Anale<br \/>\nPropriet\u00e0: Per Esordienti.<\/p>\n<\/div>\n<div class=\"etc-description\" style=\"text-align:center\"><\/div>\n<div class=\"etc-description\" style=\"text-align:center\"><\/div>\n<div class=\"etc-description\" style=\"text-align:center\"><\/div>\n<div class=\"etc-description\" style=\"text-align:center\"><\/div>\n<div class=\"etc-description\" style=\"text-align:center\"><\/div>\n<div class=\"etc-description\" style=\"text-align:center\">&nbsp;<font color=\"#00429a\"><u><br \/>\n<span style=\"font-size: x-large\">Merce nuova con Etichetta&nbsp;<\/span><\/u><\/font><\/div>\n<div class=\"etc-description\" style=\"text-align:center\"><span style=\"font-size:x-large\"><font color=\"#00429a\"><u>&nbsp;Max riservatezza pacco sempre anonimo.<\/u><\/font><br \/>\n<\/span><!-- ETC-Description-End --><\/div>\n","protected":false},"excerpt":{"rendered":"<p>Dark Secret \u00e8 un plug anale elegante e lussuoso, caratterizzato da un gioiello incastonato alla base che briller\u00e0 di sensualit\u00e0 una volta inserito all&#8217;interno dell\u2019ano. Date le sue gentili dimensioni, \u00e8 un plug ideale per accostarsi ai piaceri del lato B e goderne profondamente. Facile da maneggiare grazie alla pratica presa, la pu&#8230;<\/p>\n","protected":false},"featured_media":577,"comment_status":"open","ping_status":"closed","template":"","meta":{"site-sidebar-layout":"default","site-content-layout":"","ast-site-content-layout":"default","site-content-style":"default","site-sidebar-style":"default","ast-global-header-display":"","ast-banner-title-visibility":"","ast-main-header-display":"","ast-hfb-above-header-display":"","ast-hfb-below-header-display":"","ast-hfb-mobile-header-display":"","site-post-title":"","ast-breadcrumbs-content":"","ast-featured-img":"","footer-sml-layout":"","ast-disable-related-posts":"","theme-transparent-header-meta":"","adv-header-id-meta":"","stick-header-meta":"","header-above-stick-meta":"","header-main-stick-meta":"","header-below-stick-meta":"","astra-migrate-meta-layouts":"default","ast-page-background-enabled":"default","ast-page-background-meta":{"desktop":{"background-color":"var(--ast-global-color-5)","background-image":"","background-repeat":"repeat","background-position":"center center","background-size":"auto","background-attachment":"scroll","background-type":"","background-media":"","overlay-type":"","overlay-color":"","overlay-opacity":"","overlay-gradient":""},"tablet":{"background-color":"","background-image":"","background-repeat":"repeat","background-position":"center center","background-size":"auto","background-attachment":"scroll","background-type":"","background-media":"","overlay-type":"","overlay-color":"","overlay-opacity":"","overlay-gradient":""},"mobile":{"background-color":"","background-image":"","background-repeat":"repeat","background-position":"center center","background-size":"auto","background-attachment":"scroll","background-type":"","background-media":"","overlay-type":"","overlay-color":"","overlay-opacity":"","overlay-gradient":""}},"ast-content-background-meta":{"desktop":{"background-color":"var(--ast-global-color-4)","background-image":"","background-repeat":"repeat","background-position":"center center","background-size":"auto","background-attachment":"scroll","background-type":"","background-media":"","overlay-type":"","overlay-color":"","overlay-opacity":"","overlay-gradient":""},"tablet":{"background-color":"var(--ast-global-color-4)","background-image":"","background-repeat":"repeat","background-position":"center center","background-size":"auto","background-attachment":"scroll","background-type":"","background-media":"","overlay-type":"","overlay-color":"","overlay-opacity":"","overlay-gradient":""},"mobile":{"background-color":"var(--ast-global-color-4)","background-image":"","background-repeat":"repeat","background-position":"center center","background-size":"auto","background-attachment":"scroll","background-type":"","background-media":"","overlay-type":"","overlay-color":"","overlay-opacity":"","overlay-gradient":""}},"_joinchat":[]},"product_brand":[],"product_cat":[54,42],"product_tag":[],"class_list":{"0":"post-537","1":"product","2":"type-product","3":"status-publish","4":"has-post-thumbnail","6":"product_cat-anali","7":"product_cat-falli-dildo-e-strap-on","8":"pa_supplier-msx-distribution-s-r-l","9":"desktop-align-center","10":"tablet-align-left","11":"mobile-align-left","13":"first","14":"instock","15":"shipping-taxable","16":"purchasable","17":"product-type-simple"},"jetpack_sharing_enabled":true,"_links":{"self":[{"href":"https:\/\/afroditeshop.it\/index.php\/wp-json\/wp\/v2\/product\/537","targetHints":{"allow":["GET"]}}],"collection":[{"href":"https:\/\/afroditeshop.it\/index.php\/wp-json\/wp\/v2\/product"}],"about":[{"href":"https:\/\/afroditeshop.it\/index.php\/wp-json\/wp\/v2\/types\/product"}],"replies":[{"embeddable":true,"href":"https:\/\/afroditeshop.it\/index.php\/wp-json\/wp\/v2\/comments?post=537"}],"wp:featuredmedia":[{"embeddable":true,"href":"https:\/\/afroditeshop.it\/index.php\/wp-json\/wp\/v2\/media\/577"}],"wp:attachment":[{"href":"https:\/\/afroditeshop.it\/index.php\/wp-json\/wp\/v2\/media?parent=537"}],"wp:term":[{"taxonomy":"product_brand","embeddable":true,"href":"https:\/\/afroditeshop.it\/index.php\/wp-json\/wp\/v2\/product_brand?post=537"},{"taxonomy":"product_cat","embeddable":true,"href":"https:\/\/afroditeshop.it\/index.php\/wp-json\/wp\/v2\/product_cat?post=537"},{"taxonomy":"product_tag","embeddable":true,"href":"https:\/\/afroditeshop.it\/index.php\/wp-json\/wp\/v2\/product_tag?post=537"}],"curies":[{"name":"wp","href":"https:\/\/api.w.org\/{rel}","templated":true}]}}