{"id":549,"date":"2026-03-04T15:09:26","date_gmt":"2026-03-04T15:09:26","guid":{"rendered":"https:\/\/afroditeshop.it\/?post_type=product&#038;p=549"},"modified":"2026-03-04T15:09:26","modified_gmt":"2026-03-04T15:09:26","slug":"toys-anal-ivo-45-nero-penetrazione-unisex","status":"publish","type":"product","link":"https:\/\/afroditeshop.it\/index.php\/prodotto\/toys-anal-ivo-45-nero-penetrazione-unisex\/","title":{"rendered":"TOYS ANAL IVO 4,5&quot; NERO PENETRAZIONE UNISEX"},"content":{"rendered":"<p><\/font><\/font><\/p>\n<div class=\"etc-description\" style=\"text-align:center\"><!-- ETC-Description-Start --> <\/p>\n<p>Un mezzo che ti far\u00e0 scoprire piaceri nuovi passando per la strada posteriore. Chiedi a Ivo Black quale \u00e8 il giusto compromesso e lui risponder\u00e0&#8230;presente! Sapr\u00e0 darti quello che cerchi senza esagerare. \u00c8 un plug dalle dimensioni giuste realizzato per i meno espertie dall&#8217;aspetto conico e affusolato che si far\u00e0 strada per tutta la sua lunghezza senza deluderti. Si restringe nella parte del collo prima della ventosa che funge anche da fermo. Farlo scivolare tutto fino in fondo sar\u00e0 un vero piacere! <\/p>\n<p>Non lasciarti scappare la possibilit\u00e0 di provare emozioni che solo un prodotto Made in Italy sa regalarti: <\/p>\n<p>Design ricercato e curato nei dettagli;<br \/>\nMateriali di ottima qualit\u00e0;<br \/>\nSoddisfazione garantita.<br \/>\nRicorda <\/p>\n<p>Per ottenere il massimo del piacere in totale sicurezza, ricorda sempre di utilizzarlo insieme ad un lubrificante ad acqua e di igienizzarlo con un toy cleaner dopo l&#8217;uso. <\/p>\n<p>Caratteristiche e dettagli<br \/>\nMateriale: Bio-based, Privo Di Ftalati, Pvc<br \/>\nColore: Nero<br \/>\nLunghezza: 12 cm<br \/>\nDiametro: 5 cm<br \/>\nWaterproof: Si<br \/>\nPensato: Per Lei<br \/>\nStimolazione: Anale<br \/>\nPropriet\u00e0: Con Ventosa, Per Esordienti <\/p>\n<\/div>\n<div class=\"etc-description\" style=\"text-align:center\"><\/div>\n<div class=\"etc-description\" style=\"text-align:center\"><\/div>\n<div class=\"etc-description\" style=\"text-align:center\"><\/div>\n<div class=\"etc-description\" style=\"text-align:center\"><\/div>\n<div class=\"etc-description\" style=\"text-align:center\"><\/div>\n<div class=\"etc-description\" style=\"text-align:center\">&nbsp;<font color=\"#00429a\"><u><br \/>\n<span style=\"font-size: x-large\">Merce nuova con Etichetta&nbsp;<\/span><\/u><\/font><\/div>\n<div class=\"etc-description\" style=\"text-align:center\"><span style=\"font-size:x-large\"><font color=\"#00429a\"><u>&nbsp;Max riservatezza pacco sempre anonimo.<\/u><\/font><br \/>\n<\/span><!-- ETC-Description-End --><\/div>\n","protected":false},"excerpt":{"rendered":"<p>Un mezzo che ti far\u00e0 scoprire piaceri nuovi passando per la strada posteriore. Chiedi a Ivo Black quale \u00e8 il giusto compromesso e lui risponder\u00e0&#8230;presente! Sapr\u00e0 darti quello che cerchi senza esagerare. \u00c8 un plug dalle dimensioni giuste realizzato per i meno espertie dall&#8217;aspetto conico e affusolato che si far\u00e0 strada per tutta la&#8230;<\/p>\n","protected":false},"featured_media":588,"comment_status":"open","ping_status":"closed","template":"","meta":{"site-sidebar-layout":"default","site-content-layout":"","ast-site-content-layout":"default","site-content-style":"default","site-sidebar-style":"default","ast-global-header-display":"","ast-banner-title-visibility":"","ast-main-header-display":"","ast-hfb-above-header-display":"","ast-hfb-below-header-display":"","ast-hfb-mobile-header-display":"","site-post-title":"","ast-breadcrumbs-content":"","ast-featured-img":"","footer-sml-layout":"","ast-disable-related-posts":"","theme-transparent-header-meta":"","adv-header-id-meta":"","stick-header-meta":"","header-above-stick-meta":"","header-main-stick-meta":"","header-below-stick-meta":"","astra-migrate-meta-layouts":"default","ast-page-background-enabled":"default","ast-page-background-meta":{"desktop":{"background-color":"var(--ast-global-color-5)","background-image":"","background-repeat":"repeat","background-position":"center center","background-size":"auto","background-attachment":"scroll","background-type":"","background-media":"","overlay-type":"","overlay-color":"","overlay-opacity":"","overlay-gradient":""},"tablet":{"background-color":"","background-image":"","background-repeat":"repeat","background-position":"center center","background-size":"auto","background-attachment":"scroll","background-type":"","background-media":"","overlay-type":"","overlay-color":"","overlay-opacity":"","overlay-gradient":""},"mobile":{"background-color":"","background-image":"","background-repeat":"repeat","background-position":"center center","background-size":"auto","background-attachment":"scroll","background-type":"","background-media":"","overlay-type":"","overlay-color":"","overlay-opacity":"","overlay-gradient":""}},"ast-content-background-meta":{"desktop":{"background-color":"var(--ast-global-color-4)","background-image":"","background-repeat":"repeat","background-position":"center center","background-size":"auto","background-attachment":"scroll","background-type":"","background-media":"","overlay-type":"","overlay-color":"","overlay-opacity":"","overlay-gradient":""},"tablet":{"background-color":"var(--ast-global-color-4)","background-image":"","background-repeat":"repeat","background-position":"center center","background-size":"auto","background-attachment":"scroll","background-type":"","background-media":"","overlay-type":"","overlay-color":"","overlay-opacity":"","overlay-gradient":""},"mobile":{"background-color":"var(--ast-global-color-4)","background-image":"","background-repeat":"repeat","background-position":"center center","background-size":"auto","background-attachment":"scroll","background-type":"","background-media":"","overlay-type":"","overlay-color":"","overlay-opacity":"","overlay-gradient":""}},"_joinchat":[]},"product_brand":[],"product_cat":[54,42],"product_tag":[],"class_list":{"0":"post-549","1":"product","2":"type-product","3":"status-publish","4":"has-post-thumbnail","6":"product_cat-anali","7":"product_cat-falli-dildo-e-strap-on","8":"pa_supplier-msx-distribution-s-r-l","9":"desktop-align-center","10":"tablet-align-left","11":"mobile-align-left","13":"first","14":"instock","15":"shipping-taxable","16":"purchasable","17":"product-type-simple"},"jetpack_sharing_enabled":true,"_links":{"self":[{"href":"https:\/\/afroditeshop.it\/index.php\/wp-json\/wp\/v2\/product\/549","targetHints":{"allow":["GET"]}}],"collection":[{"href":"https:\/\/afroditeshop.it\/index.php\/wp-json\/wp\/v2\/product"}],"about":[{"href":"https:\/\/afroditeshop.it\/index.php\/wp-json\/wp\/v2\/types\/product"}],"replies":[{"embeddable":true,"href":"https:\/\/afroditeshop.it\/index.php\/wp-json\/wp\/v2\/comments?post=549"}],"wp:featuredmedia":[{"embeddable":true,"href":"https:\/\/afroditeshop.it\/index.php\/wp-json\/wp\/v2\/media\/588"}],"wp:attachment":[{"href":"https:\/\/afroditeshop.it\/index.php\/wp-json\/wp\/v2\/media?parent=549"}],"wp:term":[{"taxonomy":"product_brand","embeddable":true,"href":"https:\/\/afroditeshop.it\/index.php\/wp-json\/wp\/v2\/product_brand?post=549"},{"taxonomy":"product_cat","embeddable":true,"href":"https:\/\/afroditeshop.it\/index.php\/wp-json\/wp\/v2\/product_cat?post=549"},{"taxonomy":"product_tag","embeddable":true,"href":"https:\/\/afroditeshop.it\/index.php\/wp-json\/wp\/v2\/product_tag?post=549"}],"curies":[{"name":"wp","href":"https:\/\/api.w.org\/{rel}","templated":true}]}}