{"id":629,"date":"2026-03-24T10:31:19","date_gmt":"2026-03-24T10:31:19","guid":{"rendered":"https:\/\/afroditeshop.it\/?post_type=product&#038;p=629"},"modified":"2026-04-18T14:41:27","modified_gmt":"2026-04-18T14:41:27","slug":"lubrificante-just-glide-200-ml-base-acqua","status":"publish","type":"product","link":"https:\/\/afroditeshop.it\/index.php\/prodotto\/lubrificante-just-glide-200-ml-base-acqua\/","title":{"rendered":"LUBRIFICANTE JUST GLIDE 200 ML   BASE ACQUA"},"content":{"rendered":"<p><\/font><\/font><\/p>\n<div class=\"etc-description\" style=\"text-align:center\"><!-- ETC-Description-Start --><\/p>\n<p>Just Glide ti aiuta a scivolare e scivolare con piacere!<br \/>\nFornisce inoltre una lubrificazione duratura. Just Glide \u00e8 a base d&#8217;acqua, 100% vegano e pu\u00f2 essere utilizzato su pelli sensibili. \u00c8 stato dermatologicamente testato e ha il sigillo di approvazione tedesco \u201csehr gut\u201d (molto buono). Privo di olio e kgasso. Pu\u00f2 essere lavato via. Sicuro da usare con i preservativi in lattice. Inodore e insapore.<\/p>\n<\/div>\n<div class=\"etc-description\" style=\"text-align:center\"><\/div>\n<div class=\"etc-description\" style=\"text-align:center\"><\/div>\n<div class=\"etc-description\" style=\"text-align:center\"><\/div>\n<div class=\"etc-description\" style=\"text-align:center\"><\/div>\n<div class=\"etc-description\" style=\"text-align:center\"><\/div>\n<div class=\"etc-description\" style=\"text-align:center\">&nbsp;<font color=\"#00429a\"><u><br \/>\n<span style=\"font-size: x-large\">Merce nuova con Etichetta&nbsp;<\/span><\/u><\/font><\/div>\n<div class=\"etc-description\" style=\"text-align:center\"><span style=\"font-size:x-large\"><font color=\"#00429a\"><u>&nbsp;Max riservatezza pacco sempre anonimo.<\/u><\/font><br \/>\n<\/span><!-- ETC-Description-End --><\/div>\n","protected":false},"excerpt":{"rendered":"<p>Just Glide ti aiuta a scivolare e scivolare con piacere!<br \/>\nFornisce inoltre una lubrificazione duratura. Just Glide \u00e8 a base d&#8217;acqua, 100% vegano e pu\u00f2 essere utilizzato su pelli sensibili. \u00c8 stato dermatologicamente testato e ha il sigillo di approvazione tedesco \u201csehr gut\u201d (molto buono). Privo di olio e kgasso. Pu\u00f2 essere lavato &#8230;<\/p>\n","protected":false},"featured_media":996,"comment_status":"open","ping_status":"closed","template":"","meta":{"site-sidebar-layout":"default","site-content-layout":"","ast-site-content-layout":"default","site-content-style":"default","site-sidebar-style":"default","ast-global-header-display":"","ast-banner-title-visibility":"","ast-main-header-display":"","ast-hfb-above-header-display":"","ast-hfb-below-header-display":"","ast-hfb-mobile-header-display":"","site-post-title":"","ast-breadcrumbs-content":"","ast-featured-img":"","footer-sml-layout":"","ast-disable-related-posts":"","theme-transparent-header-meta":"","adv-header-id-meta":"","stick-header-meta":"","header-above-stick-meta":"","header-main-stick-meta":"","header-below-stick-meta":"","astra-migrate-meta-layouts":"default","ast-page-background-enabled":"default","ast-page-background-meta":{"desktop":{"background-color":"var(--ast-global-color-5)","background-image":"","background-repeat":"repeat","background-position":"center center","background-size":"auto","background-attachment":"scroll","background-type":"","background-media":"","overlay-type":"","overlay-color":"","overlay-opacity":"","overlay-gradient":""},"tablet":{"background-color":"","background-image":"","background-repeat":"repeat","background-position":"center center","background-size":"auto","background-attachment":"scroll","background-type":"","background-media":"","overlay-type":"","overlay-color":"","overlay-opacity":"","overlay-gradient":""},"mobile":{"background-color":"","background-image":"","background-repeat":"repeat","background-position":"center center","background-size":"auto","background-attachment":"scroll","background-type":"","background-media":"","overlay-type":"","overlay-color":"","overlay-opacity":"","overlay-gradient":""}},"ast-content-background-meta":{"desktop":{"background-color":"var(--ast-global-color-4)","background-image":"","background-repeat":"repeat","background-position":"center center","background-size":"auto","background-attachment":"scroll","background-type":"","background-media":"","overlay-type":"","overlay-color":"","overlay-opacity":"","overlay-gradient":""},"tablet":{"background-color":"var(--ast-global-color-4)","background-image":"","background-repeat":"repeat","background-position":"center center","background-size":"auto","background-attachment":"scroll","background-type":"","background-media":"","overlay-type":"","overlay-color":"","overlay-opacity":"","overlay-gradient":""},"mobile":{"background-color":"var(--ast-global-color-4)","background-image":"","background-repeat":"repeat","background-position":"center center","background-size":"auto","background-attachment":"scroll","background-type":"","background-media":"","overlay-type":"","overlay-color":"","overlay-opacity":"","overlay-gradient":""}},"_joinchat":[]},"product_brand":[],"product_cat":[306,16],"product_tag":[],"class_list":{"0":"post-629","1":"product","2":"type-product","3":"status-publish","4":"has-post-thumbnail","6":"product_cat-lubrificanti","7":"product_cat-lubrificanti-e-gel","8":"pa_supplier-orion","9":"desktop-align-center","10":"tablet-align-left","11":"mobile-align-left","13":"first","14":"instock","15":"shipping-taxable","16":"purchasable","17":"product-type-simple"},"jetpack_sharing_enabled":true,"_links":{"self":[{"href":"https:\/\/afroditeshop.it\/index.php\/wp-json\/wp\/v2\/product\/629","targetHints":{"allow":["GET"]}}],"collection":[{"href":"https:\/\/afroditeshop.it\/index.php\/wp-json\/wp\/v2\/product"}],"about":[{"href":"https:\/\/afroditeshop.it\/index.php\/wp-json\/wp\/v2\/types\/product"}],"replies":[{"embeddable":true,"href":"https:\/\/afroditeshop.it\/index.php\/wp-json\/wp\/v2\/comments?post=629"}],"wp:featuredmedia":[{"embeddable":true,"href":"https:\/\/afroditeshop.it\/index.php\/wp-json\/wp\/v2\/media\/996"}],"wp:attachment":[{"href":"https:\/\/afroditeshop.it\/index.php\/wp-json\/wp\/v2\/media?parent=629"}],"wp:term":[{"taxonomy":"product_brand","embeddable":true,"href":"https:\/\/afroditeshop.it\/index.php\/wp-json\/wp\/v2\/product_brand?post=629"},{"taxonomy":"product_cat","embeddable":true,"href":"https:\/\/afroditeshop.it\/index.php\/wp-json\/wp\/v2\/product_cat?post=629"},{"taxonomy":"product_tag","embeddable":true,"href":"https:\/\/afroditeshop.it\/index.php\/wp-json\/wp\/v2\/product_tag?post=629"}],"curies":[{"name":"wp","href":"https:\/\/api.w.org\/{rel}","templated":true}]}}