{"id":639,"date":"2026-03-24T10:31:18","date_gmt":"2026-03-24T10:31:18","guid":{"rendered":"https:\/\/afroditeshop.it\/?post_type=product&#038;p=639"},"modified":"2026-03-24T10:31:19","modified_gmt":"2026-03-24T10:31:19","slug":"vibratore-rabbit-triplo-silicone-rosa-ricaricabile-con-movimento","status":"publish","type":"product","link":"https:\/\/afroditeshop.it\/index.php\/prodotto\/vibratore-rabbit-triplo-silicone-rosa-ricaricabile-con-movimento\/","title":{"rendered":"VIBRATORE RABBIT TRIPLO SILICONE  ROSA RICARICABILE CON MOVIMENTO"},"content":{"rendered":"<div class=\"etc-description\" style=\"text-align:center\">\n<!-- ETC-Description-Start -->\n<\/div>\n<div class=\"etc-description\" style=\"text-align:center\"><\/div>\n<div class=\"etc-description\" style=\"text-align:center\">\n<p style=\"margin-top: 0px;line-height: 1.8;margin-bottom: 0px;, Arial, sans-serif;font-size: 14px;font-style: normal;font-weight: 400;letter-spacing: normal;text-align: start;text-indent: 0px;text-transform: none;white-space: normal\">\n<p style=\"margin-top: 0px;line-height: 1.8;margin-bottom: 0px;, Arial, sans-serif;font-size: 14px;font-style: normal;font-weight: 400;letter-spacing: normal;text-align: start;text-indent: 0px;text-transform: none;white-space: normal\">\n<p style=\"margin-top: 0px;line-height: 1.8;margin-bottom: 0px;, Arial, sans-serif;font-size: 14px;font-style: normal;font-weight: 400;letter-spacing: normal;text-align: start;text-indent: 0px;text-transform: none;white-space: normal\">\n<ul class=\"usp-list\" style=\"list-style-type: none;padding: 0px;position: relative;, Arial, sans-serif;font-size: 14px;font-style: normal;font-weight: 400;letter-spacing: normal;text-align: start;text-indent: 0px;text-transform: none;white-space: normal\">\n<li class=\"usp-list--element\" style=\"padding: 4px 0px 0px 20px;position: relative\">\nTriplo vibratore con lingua a scatto (7 modalit\u00e0)\n<\/li>\n<li class=\"usp-list--element\" style=\"padding: 4px 0px 0px 20px;position: relative\">\n<i class=\"fa-regular fa-check  usp-list__icon\" style=\"font-variant: normal;font-style: normal;line-height: 1;font-weight: 400;position: absolute;font-size: 12px;left: 0px;top: 10px\"><\/i>Coccola vagina, clitoride e regione anale allo stesso tempo\n<\/li>\n<li class=\"usp-list--element\" style=\"padding: 4px 0px 0px 20px;position: relative\">\n<i class=\"fa-regular fa-check  usp-list__icon\" style=\"font-variant: normal;font-style: normal;line-height: 1;font-weight: 400;position: absolute;font-size: 12px;left: 0px;top: 10px\"><\/i>3 potenti motori\n<\/li>\n<li class=\"usp-list--element\" style=\"padding: 4px 0px 0px 20px;position: relative\">\n<i class=\"fa-regular fa-check  usp-list__icon\" style=\"font-variant: normal;font-style: normal;line-height: 1;font-weight: 400;position: absolute;font-size: 12px;left: 0px;top: 10px\"><\/i>La morbida lingua nell&#8217;asta oscilla avanti e indietro\n<\/li>\n<li class=\"usp-list--element\" style=\"padding: 4px 0px 0px 20px;position: relative\">\n<i class=\"fa-regular fa-check  usp-list__icon\" style=\"font-variant: normal;font-style: normal;line-height: 1;font-weight: 400;position: absolute;font-size: 12px;left: 0px;top: 10px\"><\/i>2 x 7 modalit\u00e0 di vibrazione\n<\/li>\n<li class=\"usp-list--element\" style=\"padding: 4px 0px 0px 20px;position: relative\">\n<i class=\"fa-regular fa-check  usp-list__icon\" style=\"font-variant: normal;font-style: normal;line-height: 1;font-weight: 400;position: absolute;font-size: 12px;left: 0px;top: 10px\"><\/i>Le funzioni possono essere controllate separatamente\n<\/li>\n<li class=\"usp-list--element\" style=\"padding: 4px 0px 0px 20px;position: relative\">\n<i class=\"fa-regular fa-check  usp-list__icon\" style=\"font-variant: normal;font-style: normal;line-height: 1;font-weight: 400;position: absolute;font-size: 12px;left: 0px;top: 10px\"><\/i>Design ergonomicamente perfetto\n<\/li>\n<li class=\"usp-list--element\" style=\"padding: 4px 0px 0px 20px;position: relative\">\n<i class=\"fa-regular fa-check  usp-list__icon\" style=\"font-variant: normal;font-style: normal;line-height: 1;font-weight: 400;position: absolute;font-size: 12px;left: 0px;top: 10px\"><\/i>Flessibile &#8211; si adatta perfettamente\n<\/li>\n<li class=\"usp-list--element\" style=\"padding: 4px 0px 0px 20px;position: relative\">\n<i class=\"fa-regular fa-check  usp-list__icon\" style=\"font-variant: normal;font-style: normal;line-height: 1;font-weight: 400;position: absolute;font-size: 12px;left: 0px;top: 10px\"><\/i>Silicone morbido come la seta\n<\/li>\n<li class=\"usp-list--element\" style=\"padding: 4px 0px 0px 20px;position: relative\">\n<i class=\"fa-regular fa-check  usp-list__icon\" style=\"font-variant: normal;font-style: normal;line-height: 1;font-weight: 400;position: absolute;font-size: 12px;left: 0px;top: 10px\"><\/i>Ricaricabile &#8211; incluso cavo di ricarica USB\n<\/li>\n<\/ul>\n<p style=\"margin-top: 0px;line-height: 1.8;, Arial, sans-serif;font-size: 14px;font-style: normal;font-weight: 400;letter-spacing: normal;text-align: start;text-indent: 0px;text-transform: none;white-space: normal\">\n<p style=\"margin-top: 0px;line-height: 1.8;margin-bottom: 0px;, Arial, sans-serif;font-size: 14px;font-style: normal;font-weight: 400;letter-spacing: normal;text-align: start;text-indent: 0px;text-transform: none;white-space: normal\">\ntripla azione per nuovi climax!<br \/>Strong Triple Vibe With Flicking Tongue di Sweet Smile per una tripla azione: vagina, clitoride e regione anale sono coccolati allo stesso tempo! La lingua morbida, che oscilla avanti e indietro ed \u00e8 nascosta nell&#8217;asta (flicking tongue), fornisce impulsi pulsanti nella vagina. Le vibrazioni nella testa e i due stimolatori forniscono un&#8217;ulteriore intensa stimolazione. Una volta inserito completamente, il vibratore a 3 braccia offre persino un piacere a mani libere: basta appoggiarsi e godere!<\/p>\n<p>La tripla azione pu\u00f2 essere facilmente controllata con la semplice pressione di un pulsante. La lingua che vibra \u00e8 disponibile in 7 velocit\u00e0 e le vibrazioni in 7 modalit\u00e0. Le due funzioni dell&#8217;asta e le vibrazioni combinate dei due stimolatori possono essere controllate separatamente. Ci\u00f2 significa che la tripla stimolazione pu\u00f2 essere personalizzata e variata. Tre motori potenti e silenziosi forniscono una potenza affidabile.<\/p>\n<p>Realizzato in silicone morbido come la seta, il vibratore triplo dalla forma ergonomica \u00e8 facile da inserire. L&#8217;albero pieno e leggermente curvo asseconda il punto G con la sua testa scanalata. I due stimolatori esterni si adattano in modo flessibile al clitoride e alla zona anale. 3 volte il divertimento con il comfort delle coccole!<\/p>\n<p>Ricaricabile &#8211; cavo di ricarica USB incluso.<\/p>\n<p>Lunghezza totale 24,4 cm, lunghezza di inserimento 14 cm, \u00d8 massimo 3,6 cm.<br \/>Lunghezza di inserimento dello stimolatore anale 7 cm.<br \/>Peso 248 g.<br \/>Silicone, PU, ABS.\n<\/p>\n<p style=\"margin-top: 0px;line-height: 1.8;margin-bottom: 0px;, Arial, sans-serif;font-size: 14px;font-style: normal;font-weight: 400;letter-spacing: normal;text-align: start;text-indent: 0px;text-transform: none;white-space: normal\">\n<p style=\"margin-top: 0px;line-height: 1.8;margin-bottom: 0px;, Arial, sans-serif;font-size: 14px;font-style: normal;font-weight: 400;letter-spacing: normal;text-align: start;text-indent: 0px;text-transform: none;white-space: normal\">\n<p style=\"margin-top: 0px;line-height: 1.8;margin-bottom: 0px;, Arial, sans-serif;font-size: 14px;font-style: normal;font-weight: 400;letter-spacing: normal;text-align: start;text-indent: 0px;text-transform: none;white-space: normal\">\n<p>\n<\/div>\n<div class=\"etc-description\" style=\"text-align:center\">\n\n<\/div>\n<div class=\"etc-description\" style=\"text-align:center\">\n\n<\/div>\n<div class=\"etc-description\" style=\"text-align:center\">\n\n<\/div>\n<div class=\"etc-description\" style=\"text-align:center\">\n<br \/>\n<font color=\"#00429a\"><u><br \/>\n<span style=\"font-size: x-large\">Merce nuova con Etichetta&nbsp;<\/span><\/u><\/font>\n<\/div>\n<div class=\"etc-description\" style=\"text-align:center\">\n<span style=\"font-size:x-large\"><font color=\"#00429a\"><u>&nbsp;Max riservatezza pacco sempre anonimo.<\/u><\/font><br \/>\n<\/span><!-- ETC-Description-End -->\n<\/div>\n","protected":false},"excerpt":{"rendered":"<p>Triplo vibratore con lingua a scatto (7 modalit\u00e0)<\/p>\n<p>Coccola vagina, clitoride e regione anale allo stesso tempo<\/p>\n<p>3 potenti motori<\/p>\n<p>La morbida lingua nell&#8217;asta oscilla avanti e indietro<\/p>\n<p>2 x 7 modalit\u00e0 di vibrazione<\/p>\n<p>Le funzioni possono essere controllate separatamente<\/p>\n<p>Design ergonomicamente perfetto<\/p>\n<p>Flessibile &#8211; si adatta perfe&#8230;<\/p>\n","protected":false},"featured_media":685,"comment_status":"open","ping_status":"closed","template":"","meta":{"site-sidebar-layout":"default","site-content-layout":"","ast-site-content-layout":"default","site-content-style":"default","site-sidebar-style":"default","ast-global-header-display":"","ast-banner-title-visibility":"","ast-main-header-display":"","ast-hfb-above-header-display":"","ast-hfb-below-header-display":"","ast-hfb-mobile-header-display":"","site-post-title":"","ast-breadcrumbs-content":"","ast-featured-img":"","footer-sml-layout":"","ast-disable-related-posts":"","theme-transparent-header-meta":"","adv-header-id-meta":"","stick-header-meta":"","header-above-stick-meta":"","header-main-stick-meta":"","header-below-stick-meta":"","astra-migrate-meta-layouts":"default","ast-page-background-enabled":"default","ast-page-background-meta":{"desktop":{"background-color":"var(--ast-global-color-5)","background-image":"","background-repeat":"repeat","background-position":"center center","background-size":"auto","background-attachment":"scroll","background-type":"","background-media":"","overlay-type":"","overlay-color":"","overlay-opacity":"","overlay-gradient":""},"tablet":{"background-color":"","background-image":"","background-repeat":"repeat","background-position":"center center","background-size":"auto","background-attachment":"scroll","background-type":"","background-media":"","overlay-type":"","overlay-color":"","overlay-opacity":"","overlay-gradient":""},"mobile":{"background-color":"","background-image":"","background-repeat":"repeat","background-position":"center center","background-size":"auto","background-attachment":"scroll","background-type":"","background-media":"","overlay-type":"","overlay-color":"","overlay-opacity":"","overlay-gradient":""}},"ast-content-background-meta":{"desktop":{"background-color":"var(--ast-global-color-4)","background-image":"","background-repeat":"repeat","background-position":"center center","background-size":"auto","background-attachment":"scroll","background-type":"","background-media":"","overlay-type":"","overlay-color":"","overlay-opacity":"","overlay-gradient":""},"tablet":{"background-color":"var(--ast-global-color-4)","background-image":"","background-repeat":"repeat","background-position":"center center","background-size":"auto","background-attachment":"scroll","background-type":"","background-media":"","overlay-type":"","overlay-color":"","overlay-opacity":"","overlay-gradient":""},"mobile":{"background-color":"var(--ast-global-color-4)","background-image":"","background-repeat":"repeat","background-position":"center center","background-size":"auto","background-attachment":"scroll","background-type":"","background-media":"","overlay-type":"","overlay-color":"","overlay-opacity":"","overlay-gradient":""}},"_joinchat":[]},"product_brand":[],"product_cat":[89,85],"product_tag":[],"class_list":{"0":"post-639","1":"product","2":"type-product","3":"status-publish","4":"has-post-thumbnail","6":"product_cat-rabbit","7":"product_cat-vibratori","8":"pa_supplier-orion","9":"desktop-align-center","10":"tablet-align-left","11":"mobile-align-left","13":"first","14":"instock","15":"shipping-taxable","16":"purchasable","17":"product-type-simple"},"jetpack_sharing_enabled":true,"_links":{"self":[{"href":"https:\/\/afroditeshop.it\/index.php\/wp-json\/wp\/v2\/product\/639","targetHints":{"allow":["GET"]}}],"collection":[{"href":"https:\/\/afroditeshop.it\/index.php\/wp-json\/wp\/v2\/product"}],"about":[{"href":"https:\/\/afroditeshop.it\/index.php\/wp-json\/wp\/v2\/types\/product"}],"replies":[{"embeddable":true,"href":"https:\/\/afroditeshop.it\/index.php\/wp-json\/wp\/v2\/comments?post=639"}],"wp:featuredmedia":[{"embeddable":true,"href":"https:\/\/afroditeshop.it\/index.php\/wp-json\/wp\/v2\/media\/685"}],"wp:attachment":[{"href":"https:\/\/afroditeshop.it\/index.php\/wp-json\/wp\/v2\/media?parent=639"}],"wp:term":[{"taxonomy":"product_brand","embeddable":true,"href":"https:\/\/afroditeshop.it\/index.php\/wp-json\/wp\/v2\/product_brand?post=639"},{"taxonomy":"product_cat","embeddable":true,"href":"https:\/\/afroditeshop.it\/index.php\/wp-json\/wp\/v2\/product_cat?post=639"},{"taxonomy":"product_tag","embeddable":true,"href":"https:\/\/afroditeshop.it\/index.php\/wp-json\/wp\/v2\/product_tag?post=639"}],"curies":[{"name":"wp","href":"https:\/\/api.w.org\/{rel}","templated":true}]}}