{"id":822,"date":"2026-03-26T16:54:04","date_gmt":"2026-03-26T16:54:04","guid":{"rendered":"https:\/\/afroditeshop.it\/?post_type=product&#038;p=822"},"modified":"2026-03-26T16:54:04","modified_gmt":"2026-03-26T16:54:04","slug":"lubrificante-allacqua-stimul-s8-effetto-caldo-50-ml-compatibile-preservativi","status":"publish","type":"product","link":"https:\/\/afroditeshop.it\/index.php\/prodotto\/lubrificante-allacqua-stimul-s8-effetto-caldo-50-ml-compatibile-preservativi\/","title":{"rendered":"LUBRIFICANTE ALL&#039;ACQUA STIMUL S8  EFFETTO CALDO 50 ML COMPATIBILE PRESERVATIVI"},"content":{"rendered":"<div class=\"etc-description\" style=\"text-align:center\">\n<!-- ETC-Description-Start --><br \/>\n&nbsp;<\/p>\n<h2 class=\"ef-titolo1\">\nLubrificante Base Acqua Effetto Caldo: L&#8217;Esperienza pi\u00f9 Naturale<br \/>\n<\/h2>\n<\/p>\n<p data-path-to-node=\"5\">\nIl lubrificante riscaldante premium a base d&#8217;acqua di S8 \u00e8 la soluzione perfetta per chi cerca un lubrificante sicuro per il corpo e di qualit\u00e0 per migliorare l&#8217;intimit\u00e0 e rendere pi\u00f9 piacevoli le proprie avventure intime. Questa fantastica formula a lunga durata di S8 \u00e8 completamente priva di parabeni, ftalati, glutine e solfati, oltre a non contenere coloranti o conservanti aggressivi, per un irresistibile fascino &#8220;naturale&#8221;. Una volta applicato, il lubrificante riscaldante a base d&#8217;acqua S8 ha un delicato effetto riscaldante sulla pelle, aggiungendo un piacevole tocco di passione bollente proprio dove lo desideri!\n<\/p>\n<p data-path-to-node=\"6\">\n<h3>? Comfort, Idratazione e Versatilit\u00e0<\/h3>\n<\/p>\n<ul data-path-to-node=\"7\">\n<li>\n<p data-path-to-node=\"7,0,0\">\n<b>Sensazione Naturale:<\/b> La formula delicata imita perfettamente la lubrificazione naturale del corpo, migliorando il comfort e riducendo l&#8217;attrito durante i rapporti.\n<\/p>\n<\/li>\n<li>\n<p data-path-to-node=\"7,1,0\">\n<b>Massima Discrezione:<\/b> Essendo <b>incolore e insapore<\/b>, \u00e8 l&#8217;ideale per i preliminari o semplicemente per chi preferisce un prodotto completamente neutro, senza aromi aggiunti.\n<\/p>\n<\/li>\n<li>\n<p data-path-to-node=\"7,2,0\">\n<b>Non Unguento e Non Macchia:<\/b> La sua texture leggera a base acquosa garantisce una pulizia rapida: si lava via facilmente con acqua e non lascia residui appiccicosi.\n<\/p>\n<\/li>\n<li>\n<p data-path-to-node=\"7,3,0\">\n<b>Compatibilit\u00e0 Totale:<\/b> Puoi usarlo in piena sicurezza con tutti i tipi di <b>preservativi<\/b> (in lattice e non) e con i tuoi <b>sex toys<\/b> preferiti.\n<\/p>\n<\/li>\n<\/ul>\n<p data-path-to-node=\"8\">\n<h3>&nbsp;Dettagli del Prodotto<\/h3>\n<\/p>\n<p data-path-to-node=\"9\">\nQuesto lubrificante \u00e8 una soluzione affidabile ed efficace in caso di secchezza intima e per un piacere quotidiano senza compromessi.\n<\/p>\n<p data-path-to-node=\"10\">\n<b>Lista Ingredienti:<\/b>\n<\/p>\n<p><span style=\", sans-serif;font-size: 16px;font-style: normal;font-weight: 400;letter-spacing: 0.6px;text-align: start;text-indent: 0px;text-transform: none;white-space: normal;float: none\">WATER, GLYCERIN, PROPYLENE GLYCOL, HONEY EXTRACT, BUTYLENE GLYCOL, MEL, UREA, PHENOYETHANOL, MENTHA PIPERITA<\/span>\n<\/div>\n<div class=\"etc-description\" style=\"text-align:center\">\n\n<\/div>\n<div class=\"etc-description\" style=\"text-align:center\">\n\n<\/div>\n<div class=\"etc-description\" style=\"text-align:center\">\n\n<\/div>\n<div class=\"etc-description\" style=\"text-align:center\">\n\n<\/div>\n<div class=\"etc-description\" style=\"text-align:center\">\n\n<\/div>\n<div class=\"etc-description\" style=\"text-align:center\">\n<br \/>\n&nbsp;<font color=\"#00429a\"><u><br \/>\n<span style=\"font-size: x-large\">Merce nuova con Etichetta&nbsp;<\/span><\/u><\/font>\n<\/div>\n<div class=\"etc-description\" style=\"text-align:center\">\n<span style=\"font-size:x-large\"><font color=\"#00429a\"><u>&nbsp;Max riservatezza pacco sempre anonimo.<\/u><\/font><br \/>\n<\/span><!-- ETC-Description-End -->\n<\/div>\n","protected":false},"excerpt":{"rendered":"<p>&nbsp;<\/p>\n<p>Lubrificante Base Acqua Effetto Caldo: L&#8217;Esperienza pi\u00f9 Naturale<\/p>\n<p>Il lubrificante riscaldante premium a base d&#8217;acqua di S8 \u00e8 la soluzione perfetta per chi cerca un lubrificante sicuro per il corpo e di qualit\u00e0 per migliorare l&#8217;intimit\u00e0 e rendere pi\u00f9 piacevoli le proprie avventure intime. Questa fantastica formula a lunga&#8230;<\/p>\n","protected":false},"featured_media":867,"comment_status":"open","ping_status":"closed","template":"","meta":{"site-sidebar-layout":"default","site-content-layout":"","ast-site-content-layout":"default","site-content-style":"default","site-sidebar-style":"default","ast-global-header-display":"","ast-banner-title-visibility":"","ast-main-header-display":"","ast-hfb-above-header-display":"","ast-hfb-below-header-display":"","ast-hfb-mobile-header-display":"","site-post-title":"","ast-breadcrumbs-content":"","ast-featured-img":"","footer-sml-layout":"","ast-disable-related-posts":"","theme-transparent-header-meta":"","adv-header-id-meta":"","stick-header-meta":"","header-above-stick-meta":"","header-main-stick-meta":"","header-below-stick-meta":"","astra-migrate-meta-layouts":"default","ast-page-background-enabled":"default","ast-page-background-meta":{"desktop":{"background-color":"var(--ast-global-color-5)","background-image":"","background-repeat":"repeat","background-position":"center center","background-size":"auto","background-attachment":"scroll","background-type":"","background-media":"","overlay-type":"","overlay-color":"","overlay-opacity":"","overlay-gradient":""},"tablet":{"background-color":"","background-image":"","background-repeat":"repeat","background-position":"center center","background-size":"auto","background-attachment":"scroll","background-type":"","background-media":"","overlay-type":"","overlay-color":"","overlay-opacity":"","overlay-gradient":""},"mobile":{"background-color":"","background-image":"","background-repeat":"repeat","background-position":"center center","background-size":"auto","background-attachment":"scroll","background-type":"","background-media":"","overlay-type":"","overlay-color":"","overlay-opacity":"","overlay-gradient":""}},"ast-content-background-meta":{"desktop":{"background-color":"var(--ast-global-color-4)","background-image":"","background-repeat":"repeat","background-position":"center center","background-size":"auto","background-attachment":"scroll","background-type":"","background-media":"","overlay-type":"","overlay-color":"","overlay-opacity":"","overlay-gradient":""},"tablet":{"background-color":"var(--ast-global-color-4)","background-image":"","background-repeat":"repeat","background-position":"center center","background-size":"auto","background-attachment":"scroll","background-type":"","background-media":"","overlay-type":"","overlay-color":"","overlay-opacity":"","overlay-gradient":""},"mobile":{"background-color":"var(--ast-global-color-4)","background-image":"","background-repeat":"repeat","background-position":"center center","background-size":"auto","background-attachment":"scroll","background-type":"","background-media":"","overlay-type":"","overlay-color":"","overlay-opacity":"","overlay-gradient":""}},"_joinchat":[]},"product_brand":[],"product_cat":[306,16],"product_tag":[],"class_list":{"0":"post-822","1":"product","2":"type-product","3":"status-publish","4":"has-post-thumbnail","6":"product_cat-lubrificanti","7":"product_cat-lubrificanti-e-gel","8":"pa_supplier-scala","9":"desktop-align-center","10":"tablet-align-left","11":"mobile-align-left","13":"first","14":"instock","15":"shipping-taxable","16":"purchasable","17":"product-type-simple"},"jetpack_sharing_enabled":true,"_links":{"self":[{"href":"https:\/\/afroditeshop.it\/index.php\/wp-json\/wp\/v2\/product\/822","targetHints":{"allow":["GET"]}}],"collection":[{"href":"https:\/\/afroditeshop.it\/index.php\/wp-json\/wp\/v2\/product"}],"about":[{"href":"https:\/\/afroditeshop.it\/index.php\/wp-json\/wp\/v2\/types\/product"}],"replies":[{"embeddable":true,"href":"https:\/\/afroditeshop.it\/index.php\/wp-json\/wp\/v2\/comments?post=822"}],"wp:featuredmedia":[{"embeddable":true,"href":"https:\/\/afroditeshop.it\/index.php\/wp-json\/wp\/v2\/media\/867"}],"wp:attachment":[{"href":"https:\/\/afroditeshop.it\/index.php\/wp-json\/wp\/v2\/media?parent=822"}],"wp:term":[{"taxonomy":"product_brand","embeddable":true,"href":"https:\/\/afroditeshop.it\/index.php\/wp-json\/wp\/v2\/product_brand?post=822"},{"taxonomy":"product_cat","embeddable":true,"href":"https:\/\/afroditeshop.it\/index.php\/wp-json\/wp\/v2\/product_cat?post=822"},{"taxonomy":"product_tag","embeddable":true,"href":"https:\/\/afroditeshop.it\/index.php\/wp-json\/wp\/v2\/product_tag?post=822"}],"curies":[{"name":"wp","href":"https:\/\/api.w.org\/{rel}","templated":true}]}}