{"id":829,"date":"2026-03-26T16:54:04","date_gmt":"2026-03-26T16:54:04","guid":{"rendered":"https:\/\/afroditeshop.it\/?post_type=product&#038;p=829"},"modified":"2026-03-26T16:54:04","modified_gmt":"2026-03-26T16:54:04","slug":"siringhe-riutilizzabile-per-lubrificante-anal-intimo-unisex","status":"publish","type":"product","link":"https:\/\/afroditeshop.it\/index.php\/prodotto\/siringhe-riutilizzabile-per-lubrificante-anal-intimo-unisex\/","title":{"rendered":"SIRINGHE RIUTILIZZABILE PER LUBRIFICANTE ANAL INTIMO UNISEX"},"content":{"rendered":"<p><\/font><\/font><\/p>\n<div class=\"etc-description\" style=\"text-align:center\"><!-- ETC-Description-Start --><\/p>\n<p>Riutilizzabile, ricaricabile e facile da pulire, il Lube Tube \u00e8 un set di tubi di erogazione di lubrificante che consente di lubrificare con precisione millimetrica. Per fornire una lubrificazione deliziosa proprio nel punto giusto, il tubo lubrificante ha un albero sottile, una punta arrotondata e un corpo senza giunture. Ogni tubo sottile \u00e8 dotato di due anelli per le dita e uno stantuffo facile da usare che consentono a ciascuno di controllare il flusso del lubrificante. Basta riempire il tubo con il lubrificante a base d&#8217;acqua scelto e utilizzare la punta sottile per fornire la perfetta quantit\u00e0 di lubrificante a proprio il posto giusto ogni volta. Questo tubo trasparente \u00e8 facile da usare, facile da pulire e pu\u00f2 essere disinfettato. Prima e dopo ogni utilizzo, lavare la sonda e il bulbo internamente ed esternamente con acqua tiepida e sapone, quindi disinfettare con Universal Toy Cleaner. <\/p>\n<\/div>\n<div class=\"etc-description\" style=\"text-align:center\"><\/div>\n<div class=\"etc-description\" style=\"text-align:center\"><\/div>\n<div class=\"etc-description\" style=\"text-align:center\"><\/div>\n<div class=\"etc-description\" style=\"text-align:center\"><\/div>\n<div class=\"etc-description\" style=\"text-align:center\"><\/div>\n<div class=\"etc-description\" style=\"text-align:center\">&nbsp;<font color=\"#00429a\"><u><br \/>\n<span style=\"font-size: x-large\">Merce nuova con Etichetta&nbsp;<\/span><\/u><\/font><\/div>\n<div class=\"etc-description\" style=\"text-align:center\"><span style=\"font-size:x-large\"><font color=\"#00429a\"><u>&nbsp;Max riservatezza pacco sempre anonimo.<\/u><\/font><br \/>\n<\/span><!-- ETC-Description-End --><\/div>\n","protected":false},"excerpt":{"rendered":"<p>Riutilizzabile, ricaricabile e facile da pulire, il Lube Tube \u00e8 un set di tubi di erogazione di lubrificante che consente di lubrificare con precisione millimetrica. Per fornire una lubrificazione deliziosa proprio nel punto giusto, il tubo lubrificante ha un albero sottile, una punta arrotondata e un corpo senza giunture. Ogni tubo sott&#8230;<\/p>\n","protected":false},"featured_media":873,"comment_status":"open","ping_status":"closed","template":"","meta":{"site-sidebar-layout":"default","site-content-layout":"","ast-site-content-layout":"default","site-content-style":"default","site-sidebar-style":"default","ast-global-header-display":"","ast-banner-title-visibility":"","ast-main-header-display":"","ast-hfb-above-header-display":"","ast-hfb-below-header-display":"","ast-hfb-mobile-header-display":"","site-post-title":"","ast-breadcrumbs-content":"","ast-featured-img":"","footer-sml-layout":"","ast-disable-related-posts":"","theme-transparent-header-meta":"","adv-header-id-meta":"","stick-header-meta":"","header-above-stick-meta":"","header-main-stick-meta":"","header-below-stick-meta":"","astra-migrate-meta-layouts":"default","ast-page-background-enabled":"default","ast-page-background-meta":{"desktop":{"background-color":"var(--ast-global-color-5)","background-image":"","background-repeat":"repeat","background-position":"center center","background-size":"auto","background-attachment":"scroll","background-type":"","background-media":"","overlay-type":"","overlay-color":"","overlay-opacity":"","overlay-gradient":""},"tablet":{"background-color":"","background-image":"","background-repeat":"repeat","background-position":"center center","background-size":"auto","background-attachment":"scroll","background-type":"","background-media":"","overlay-type":"","overlay-color":"","overlay-opacity":"","overlay-gradient":""},"mobile":{"background-color":"","background-image":"","background-repeat":"repeat","background-position":"center center","background-size":"auto","background-attachment":"scroll","background-type":"","background-media":"","overlay-type":"","overlay-color":"","overlay-opacity":"","overlay-gradient":""}},"ast-content-background-meta":{"desktop":{"background-color":"var(--ast-global-color-4)","background-image":"","background-repeat":"repeat","background-position":"center center","background-size":"auto","background-attachment":"scroll","background-type":"","background-media":"","overlay-type":"","overlay-color":"","overlay-opacity":"","overlay-gradient":""},"tablet":{"background-color":"var(--ast-global-color-4)","background-image":"","background-repeat":"repeat","background-position":"center center","background-size":"auto","background-attachment":"scroll","background-type":"","background-media":"","overlay-type":"","overlay-color":"","overlay-opacity":"","overlay-gradient":""},"mobile":{"background-color":"var(--ast-global-color-4)","background-image":"","background-repeat":"repeat","background-position":"center center","background-size":"auto","background-attachment":"scroll","background-type":"","background-media":"","overlay-type":"","overlay-color":"","overlay-opacity":"","overlay-gradient":""}},"_joinchat":[]},"product_brand":[],"product_cat":[306,16],"product_tag":[],"class_list":{"0":"post-829","1":"product","2":"type-product","3":"status-publish","4":"has-post-thumbnail","6":"product_cat-lubrificanti","7":"product_cat-lubrificanti-e-gel","8":"pa_supplier-scala","9":"desktop-align-center","10":"tablet-align-left","11":"mobile-align-left","13":"first","14":"instock","15":"shipping-taxable","16":"purchasable","17":"product-type-simple"},"jetpack_sharing_enabled":true,"_links":{"self":[{"href":"https:\/\/afroditeshop.it\/index.php\/wp-json\/wp\/v2\/product\/829","targetHints":{"allow":["GET"]}}],"collection":[{"href":"https:\/\/afroditeshop.it\/index.php\/wp-json\/wp\/v2\/product"}],"about":[{"href":"https:\/\/afroditeshop.it\/index.php\/wp-json\/wp\/v2\/types\/product"}],"replies":[{"embeddable":true,"href":"https:\/\/afroditeshop.it\/index.php\/wp-json\/wp\/v2\/comments?post=829"}],"wp:featuredmedia":[{"embeddable":true,"href":"https:\/\/afroditeshop.it\/index.php\/wp-json\/wp\/v2\/media\/873"}],"wp:attachment":[{"href":"https:\/\/afroditeshop.it\/index.php\/wp-json\/wp\/v2\/media?parent=829"}],"wp:term":[{"taxonomy":"product_brand","embeddable":true,"href":"https:\/\/afroditeshop.it\/index.php\/wp-json\/wp\/v2\/product_brand?post=829"},{"taxonomy":"product_cat","embeddable":true,"href":"https:\/\/afroditeshop.it\/index.php\/wp-json\/wp\/v2\/product_cat?post=829"},{"taxonomy":"product_tag","embeddable":true,"href":"https:\/\/afroditeshop.it\/index.php\/wp-json\/wp\/v2\/product_tag?post=829"}],"curies":[{"name":"wp","href":"https:\/\/api.w.org\/{rel}","templated":true}]}}