{"id":892,"date":"2026-04-01T13:39:20","date_gmt":"2026-04-01T13:39:20","guid":{"rendered":"https:\/\/afroditeshop.it\/?post_type=product&#038;p=892"},"modified":"2026-04-01T13:39:20","modified_gmt":"2026-04-01T13:39:20","slug":"durex-massage-2-in-1-con-ylang-ylang-stimolante-lubrificante-massaggi","status":"publish","type":"product","link":"https:\/\/afroditeshop.it\/index.php\/prodotto\/durex-massage-2-in-1-con-ylang-ylang-stimolante-lubrificante-massaggi\/","title":{"rendered":"DUREX MASSAGE 2 IN 1 CON YLANG YLANG  STIMOLANTE LUBRIFICANTE MASSAGGI"},"content":{"rendered":"<p><\/font><\/font><\/p>\n<div class=\"etc-description\" style=\"text-align:center\"><!-- ETC-Description-Start --><\/p>\n<p>Durex Massage Sensual \u00e8 2 prodotti in<br \/>\n  1: un gel corpo, per momenti di particolare sensualit\u00e0 e divertimento, e un lubrificante<br \/>\n  intimo che aumenta il piacere durante i rapporti.<br \/>\n Durex Massage Sensual 2in1 \u00e8 arricchito con estratti di Ylang Ylang ed ha un profumo<br \/>\n  cos\u00ec delicato e rilasssante che ti far\u00e0 vivere l&#8217;eccitante esperienza dell&#8217;aromaterapia.<br \/>\n  kgazie alla sua formulazione \u00e8 cos\u00ec delicato che pu\u00f2 essere usato per<br \/>\n  massaggi su tutto il corpo e nelle zone intime.<br \/>\n  Caratteristiche essenziali del prodotto:<br \/>\n  &#8211; A base acquosa.<br \/>\n  &#8211; Non macchia e non unge.<br \/>\n  &#8211; Si lava via facilmente con acqua.<br \/>\n  &#8211; Si pu\u00f2 usare con il profilattico.<br \/>\n  &#8211; Frakganza seducente.<br \/>\n  &#8211; pH fisiologico.<br \/>\n  &#8211; Pratico e igienico kgazie al tappo antigoccia.<\/p>\n","protected":false},"excerpt":{"rendered":"<p>Durex Massage Sensual \u00e8 2 prodotti in<br \/>\n  1: un gel corpo, per momenti di particolare sensualit\u00e0 e divertimento, e un lubrificante<br \/>\n  intimo che aumenta il piacere durante i rapporti.<br \/>\n Durex Massage Sensual 2in1 \u00e8 arricchito con estratti di Ylang Ylang ed ha un profumo<br \/>\n  cos\u00ec delicato e rilasssante che ti far\u00e0 vivere l&#8217;eccitante esper&#8230;<\/p>\n","protected":false},"featured_media":893,"comment_status":"open","ping_status":"closed","template":"","meta":{"site-sidebar-layout":"default","site-content-layout":"","ast-site-content-layout":"default","site-content-style":"default","site-sidebar-style":"default","ast-global-header-display":"","ast-banner-title-visibility":"","ast-main-header-display":"","ast-hfb-above-header-display":"","ast-hfb-below-header-display":"","ast-hfb-mobile-header-display":"","site-post-title":"","ast-breadcrumbs-content":"","ast-featured-img":"","footer-sml-layout":"","ast-disable-related-posts":"","theme-transparent-header-meta":"","adv-header-id-meta":"","stick-header-meta":"","header-above-stick-meta":"","header-main-stick-meta":"","header-below-stick-meta":"","astra-migrate-meta-layouts":"default","ast-page-background-enabled":"default","ast-page-background-meta":{"desktop":{"background-color":"var(--ast-global-color-5)","background-image":"","background-repeat":"repeat","background-position":"center center","background-size":"auto","background-attachment":"scroll","background-type":"","background-media":"","overlay-type":"","overlay-color":"","overlay-opacity":"","overlay-gradient":""},"tablet":{"background-color":"","background-image":"","background-repeat":"repeat","background-position":"center center","background-size":"auto","background-attachment":"scroll","background-type":"","background-media":"","overlay-type":"","overlay-color":"","overlay-opacity":"","overlay-gradient":""},"mobile":{"background-color":"","background-image":"","background-repeat":"repeat","background-position":"center center","background-size":"auto","background-attachment":"scroll","background-type":"","background-media":"","overlay-type":"","overlay-color":"","overlay-opacity":"","overlay-gradient":""}},"ast-content-background-meta":{"desktop":{"background-color":"var(--ast-global-color-4)","background-image":"","background-repeat":"repeat","background-position":"center center","background-size":"auto","background-attachment":"scroll","background-type":"","background-media":"","overlay-type":"","overlay-color":"","overlay-opacity":"","overlay-gradient":""},"tablet":{"background-color":"var(--ast-global-color-4)","background-image":"","background-repeat":"repeat","background-position":"center center","background-size":"auto","background-attachment":"scroll","background-type":"","background-media":"","overlay-type":"","overlay-color":"","overlay-opacity":"","overlay-gradient":""},"mobile":{"background-color":"var(--ast-global-color-4)","background-image":"","background-repeat":"repeat","background-position":"center center","background-size":"auto","background-attachment":"scroll","background-type":"","background-media":"","overlay-type":"","overlay-color":"","overlay-opacity":"","overlay-gradient":""}},"_joinchat":[]},"product_brand":[],"product_cat":[306,16],"product_tag":[],"class_list":{"0":"post-892","1":"product","2":"type-product","3":"status-publish","4":"has-post-thumbnail","6":"product_cat-lubrificanti","7":"product_cat-lubrificanti-e-gel","8":"pa_supplier-scala","9":"desktop-align-center","10":"tablet-align-left","11":"mobile-align-left","13":"first","14":"instock","15":"shipping-taxable","16":"purchasable","17":"product-type-simple"},"jetpack_sharing_enabled":true,"_links":{"self":[{"href":"https:\/\/afroditeshop.it\/index.php\/wp-json\/wp\/v2\/product\/892","targetHints":{"allow":["GET"]}}],"collection":[{"href":"https:\/\/afroditeshop.it\/index.php\/wp-json\/wp\/v2\/product"}],"about":[{"href":"https:\/\/afroditeshop.it\/index.php\/wp-json\/wp\/v2\/types\/product"}],"replies":[{"embeddable":true,"href":"https:\/\/afroditeshop.it\/index.php\/wp-json\/wp\/v2\/comments?post=892"}],"wp:featuredmedia":[{"embeddable":true,"href":"https:\/\/afroditeshop.it\/index.php\/wp-json\/wp\/v2\/media\/893"}],"wp:attachment":[{"href":"https:\/\/afroditeshop.it\/index.php\/wp-json\/wp\/v2\/media?parent=892"}],"wp:term":[{"taxonomy":"product_brand","embeddable":true,"href":"https:\/\/afroditeshop.it\/index.php\/wp-json\/wp\/v2\/product_brand?post=892"},{"taxonomy":"product_cat","embeddable":true,"href":"https:\/\/afroditeshop.it\/index.php\/wp-json\/wp\/v2\/product_cat?post=892"},{"taxonomy":"product_tag","embeddable":true,"href":"https:\/\/afroditeshop.it\/index.php\/wp-json\/wp\/v2\/product_tag?post=892"}],"curies":[{"name":"wp","href":"https:\/\/api.w.org\/{rel}","templated":true}]}}