{"id":923,"date":"2026-04-08T08:25:06","date_gmt":"2026-04-08T08:25:06","guid":{"rendered":"https:\/\/afroditeshop.it\/?post_type=product&#038;p=923"},"modified":"2026-04-08T08:25:06","modified_gmt":"2026-04-08T08:25:06","slug":"massaggiatore-magic-wand-curve-ricaricabile-squirt-donna-toy-rosa","status":"publish","type":"product","link":"https:\/\/afroditeshop.it\/index.php\/prodotto\/massaggiatore-magic-wand-curve-ricaricabile-squirt-donna-toy-rosa\/","title":{"rendered":"MASSAGGIATORE MAGIC WAND CURVE  RICARICABILE SQUIRT DONNA TOY ROSA"},"content":{"rendered":"<div class=\"etc-description\" style=\"text-align:center\">\n<!-- ETC-Description-Start --><br \/>\n&nbsp;<span style=\"font-family: Montserrat, sans-serif;font-size: 16px;font-style: normal;font-weight: 400;letter-spacing: 0.6px;text-align: start;text-indent: 0px;text-transform: none;white-space: normal;float: none\">Wand Curve \u00e8 un accattivante vibratore pronto a regalare&nbsp;momenti di assoluto piacere massaggiando dolcemente l&#8217;intimit\u00e0 femminile. Ha un design fresco ed essenziale ed \u00e8 caratterizzato da un&#8217;impugnatura ergonomica per una comoda presa ed una testina arrotondata che non solo stimola intensamente la zona vaginale e clitoridea ma delizia entrambi i partner con&nbsp;massaggi rilassanti e sensuali sul collo ed altre zone erogene del corpo. Wand Curve \u00e8&nbsp;realizzato in silicone medicale e Abs, senza&nbsp;ftalati, ha una&nbsp;testina&nbsp;flessibile e&nbsp;waterproof ed \u00e8 dotato di una vibrazione multispeed. Ricaricabile tramite&nbsp;cavo USB incluso.<\/span>\n<\/div>\n<div class=\"etc-description\" style=\"text-align:center\">\n\n<\/div>\n<div class=\"etc-description\" style=\"text-align:center\">\n\n<\/div>\n<div class=\"etc-description\" style=\"text-align:center\">\n\n<\/div>\n<div class=\"etc-description\" style=\"text-align:center\">\n\n<\/div>\n<div class=\"etc-description\" style=\"text-align:center\">\n\n<\/div>\n<div class=\"etc-description\" style=\"text-align:center\">\n<br \/>\n&nbsp;<font color=\"#00429a\"><u><br \/>\n<span style=\"font-size: x-large\">Merce nuova con Etichetta&nbsp;<\/span><\/u><\/font>\n<\/div>\n<div class=\"etc-description\" style=\"text-align:center\">\n<span style=\"font-size:x-large\"><font color=\"#00429a\"><u>&nbsp;Max riservatezza pacco sempre anonimo.<\/u><\/font><br \/>\n<\/span><!-- ETC-Description-End -->\n<\/div>\n","protected":false},"excerpt":{"rendered":"<p>&nbsp;Wand Curve \u00e8 un accattivante vibratore pronto a regalare&nbsp;momenti di assoluto piacere massaggiando dolcemente l&#8217;intimit\u00e0 femminile. Ha un design fresco ed essenziale ed \u00e8 caratterizzato da un&#8217;impugnatura ergonomica per una comoda presa ed una testina arrotondata che non solo stimola intensamente la zona vaginale e clitoride&#8230;<\/p>\n","protected":false},"featured_media":922,"comment_status":"open","ping_status":"closed","template":"","meta":{"site-sidebar-layout":"default","site-content-layout":"","ast-site-content-layout":"default","site-content-style":"default","site-sidebar-style":"default","ast-global-header-display":"","ast-banner-title-visibility":"","ast-main-header-display":"","ast-hfb-above-header-display":"","ast-hfb-below-header-display":"","ast-hfb-mobile-header-display":"","site-post-title":"","ast-breadcrumbs-content":"","ast-featured-img":"","footer-sml-layout":"","ast-disable-related-posts":"","theme-transparent-header-meta":"","adv-header-id-meta":"","stick-header-meta":"","header-above-stick-meta":"","header-main-stick-meta":"","header-below-stick-meta":"","astra-migrate-meta-layouts":"default","ast-page-background-enabled":"default","ast-page-background-meta":{"desktop":{"background-color":"var(--ast-global-color-5)","background-image":"","background-repeat":"repeat","background-position":"center center","background-size":"auto","background-attachment":"scroll","background-type":"","background-media":"","overlay-type":"","overlay-color":"","overlay-opacity":"","overlay-gradient":""},"tablet":{"background-color":"","background-image":"","background-repeat":"repeat","background-position":"center center","background-size":"auto","background-attachment":"scroll","background-type":"","background-media":"","overlay-type":"","overlay-color":"","overlay-opacity":"","overlay-gradient":""},"mobile":{"background-color":"","background-image":"","background-repeat":"repeat","background-position":"center center","background-size":"auto","background-attachment":"scroll","background-type":"","background-media":"","overlay-type":"","overlay-color":"","overlay-opacity":"","overlay-gradient":""}},"ast-content-background-meta":{"desktop":{"background-color":"var(--ast-global-color-4)","background-image":"","background-repeat":"repeat","background-position":"center center","background-size":"auto","background-attachment":"scroll","background-type":"","background-media":"","overlay-type":"","overlay-color":"","overlay-opacity":"","overlay-gradient":""},"tablet":{"background-color":"var(--ast-global-color-4)","background-image":"","background-repeat":"repeat","background-position":"center center","background-size":"auto","background-attachment":"scroll","background-type":"","background-media":"","overlay-type":"","overlay-color":"","overlay-opacity":"","overlay-gradient":""},"mobile":{"background-color":"var(--ast-global-color-4)","background-image":"","background-repeat":"repeat","background-position":"center center","background-size":"auto","background-attachment":"scroll","background-type":"","background-media":"","overlay-type":"","overlay-color":"","overlay-opacity":"","overlay-gradient":""}},"_joinchat":[]},"product_brand":[],"product_cat":[19,64],"product_tag":[],"class_list":{"0":"post-923","1":"product","2":"type-product","3":"status-publish","4":"has-post-thumbnail","6":"product_cat-oggettistica","7":"product_cat-stimolatori-donna","8":"pa_supplier-msx-distribution-s-r-l","9":"desktop-align-center","10":"tablet-align-left","11":"mobile-align-left","13":"first","14":"instock","15":"shipping-taxable","16":"purchasable","17":"product-type-simple"},"jetpack_sharing_enabled":true,"_links":{"self":[{"href":"https:\/\/afroditeshop.it\/index.php\/wp-json\/wp\/v2\/product\/923","targetHints":{"allow":["GET"]}}],"collection":[{"href":"https:\/\/afroditeshop.it\/index.php\/wp-json\/wp\/v2\/product"}],"about":[{"href":"https:\/\/afroditeshop.it\/index.php\/wp-json\/wp\/v2\/types\/product"}],"replies":[{"embeddable":true,"href":"https:\/\/afroditeshop.it\/index.php\/wp-json\/wp\/v2\/comments?post=923"}],"wp:featuredmedia":[{"embeddable":true,"href":"https:\/\/afroditeshop.it\/index.php\/wp-json\/wp\/v2\/media\/922"}],"wp:attachment":[{"href":"https:\/\/afroditeshop.it\/index.php\/wp-json\/wp\/v2\/media?parent=923"}],"wp:term":[{"taxonomy":"product_brand","embeddable":true,"href":"https:\/\/afroditeshop.it\/index.php\/wp-json\/wp\/v2\/product_brand?post=923"},{"taxonomy":"product_cat","embeddable":true,"href":"https:\/\/afroditeshop.it\/index.php\/wp-json\/wp\/v2\/product_cat?post=923"},{"taxonomy":"product_tag","embeddable":true,"href":"https:\/\/afroditeshop.it\/index.php\/wp-json\/wp\/v2\/product_tag?post=923"}],"curies":[{"name":"wp","href":"https:\/\/api.w.org\/{rel}","templated":true}]}}