{"id":948,"date":"2026-04-10T17:14:07","date_gmt":"2026-04-10T17:14:07","guid":{"rendered":"https:\/\/afroditeshop.it\/?post_type=product&#038;p=948"},"modified":"2026-04-11T08:53:47","modified_gmt":"2026-04-11T08:53:47","slug":"stimolatore-design-triplo-up-to-heaven-rosa-wireless-donna","status":"publish","type":"product","link":"https:\/\/afroditeshop.it\/index.php\/prodotto\/stimolatore-design-triplo-up-to-heaven-rosa-wireless-donna\/","title":{"rendered":"STIMOLATORE  DESIGN TRIPLO UP TO HEAVEN ROSA WIRELESS DONNA"},"content":{"rendered":"<div class=\"etc-description\" style=\"text-align:center\">\n<!-- ETC-Description-Start -->\n<\/div>\n<ul>\n<li class=\"bull\" style=\"line-height: 36px;letter-spacing: 0.005em;font-size: 12px;font-weight: 400\">\n<span style=\"font-weight: 400;margin-left: -5px\"><span style=\"font-family: Roboto, Arial, Helvetica, Lato;font-size: 18px;font-style: normal;font-weight: 100;letter-spacing: 0.09px;text-align: left;text-indent: 0px;text-transform: none;white-space: normal;float: none\"><span style=\"font-family: Roboto, Arial, Helvetica, Lato;font-size: 18px;font-style: normal;font-weight: 100;letter-spacing: 0.09px;text-align: left;text-indent: 0px;text-transform: none;white-space: normal;float: none\">L\u2019Up To Heaven \u00e8 un sex toy dalla tripla stimolazione.&nbsp;Potente ma silenzioso, riesce a massaggiare contemporaneamente vagina, ano e clitoride grazie alla forma appositamente studiata per stimolare l&#8217;intera zona erogena femminile.&nbsp;Una volta inserito il mini bullet all\u2019interno dell\u2019estremit\u00e0 pi\u00f9 lunga, basta azionarlo e regolare le diverse intensit\u00e0 di vibrazione anche utilizzando il telecomando wireless incluso.&nbsp;Realizzato in morbido silicone medicale e Abs, privo di lattice e ftalati, \u00e8 soft touch e waterproof. Ha dimensioni compatte e si ricarica&nbsp;tramite cavo USB magnetico in dotazione.<\/span>&nbsp;<\/span><\/span>\n<\/li>\n<li class=\"bull\" style=\"line-height: 36px;letter-spacing: 0.005em;font-size: 12px;font-weight: 400\">\n<\/li>\n<li class=\"bull\" style=\"line-height: 36px;letter-spacing: 0.005em;font-size: 12px;font-weight: 400\">\n<\/li>\n<li class=\"bull\" style=\"line-height: 36px;letter-spacing: 0.005em;font-size: 12px;font-weight: 400\">\n<span style=\"font-weight: 400;margin-left: -5px\">Materiale:<\/span><span>&nbsp;<\/span>Abs, Privo Di Ftalati, Silicone Medicale\n<\/li>\n<li class=\"bull\" style=\"line-height: 36px;letter-spacing: 0.005em;font-size: 12px;font-weight: 400\">\n<span style=\"font-weight: 400;margin-left: -5px\">Colore:<\/span><span>&nbsp;<\/span>Rosa\n<\/li>\n<li class=\"bull\" style=\"line-height: 36px;letter-spacing: 0.005em;font-size: 12px;font-weight: 400\">\n<span style=\"font-weight: 400;margin-left: -5px\">Lunghezza:<\/span><span>&nbsp;<\/span>9.1 cm\n<\/li>\n<li class=\"bull\" style=\"line-height: 36px;letter-spacing: 0.005em;font-size: 12px;font-weight: 400\">\n<span style=\"font-weight: 400;margin-left: -5px\">Diametro:<\/span><span>&nbsp;<\/span>2.9 cm\n<\/li>\n<li class=\"bull\" style=\"line-height: 36px;letter-spacing: 0.005em;font-size: 12px;font-weight: 400\">\n<span style=\"font-weight: 400;margin-left: -5px\">Vibrazione:<\/span><span>&nbsp;<\/span>Si Multiprogramma\n<\/li>\n<li class=\"bull\" style=\"line-height: 36px;letter-spacing: 0.005em;font-size: 12px;font-weight: 400\">\n<span style=\"font-weight: 400;margin-left: -5px\">Batteria:<\/span><span>&nbsp;<\/span>1xRICARICABILE inc.\n<\/li>\n<li class=\"bull\" style=\"line-height: 36px;letter-spacing: 0.005em;font-size: 12px;font-weight: 400\">\n<span style=\"font-weight: 400;margin-left: -5px\">Batteria secondaria:<\/span><span>&nbsp;<\/span>1&#215;2025 inc.\n<\/li>\n<li class=\"bull\" style=\"line-height: 36px;letter-spacing: 0.005em;font-size: 12px;font-weight: 400\">\n<span style=\"font-weight: 400;margin-left: -5px\">Dedicato:<\/span><span>&nbsp;<\/span>Per Lei\n<\/li>\n<li class=\"bull\" style=\"line-height: 36px;letter-spacing: 0.005em;font-size: 12px;font-weight: 400\">\n<span style=\"font-weight: 400;margin-left: -5px\">Stimolazione:<\/span><span>&nbsp;<\/span>Anale, Clitoride, G-spot, Vaginale\n<\/li>\n<li class=\"bull\" style=\"line-height: 36px;letter-spacing: 0.005em;font-size: 12px;font-weight: 400\">\n<span style=\"font-weight: 400;margin-left: -5px\">Propriet\u00e0:<\/span><span>&nbsp;<\/span>Soft Touch, Telecomando Wireless, Waterproof\n<\/li>\n<li class=\"bull\" style=\"line-height: 36px;letter-spacing: 0.005em;font-size: 12px;font-weight: 400\">\n<\/li>\n<li class=\"bull\" style=\"line-height: 36px;letter-spacing: 0.005em;font-size: 12px;font-weight: 400\">\n<\/li>\n<\/ul>\n<p>&nbsp;<\/p>\n<div class=\"etc-description\" style=\"text-align:center\">\n\n<\/div>\n<div class=\"etc-description\" style=\"text-align:center\">\n\n<\/div>\n<div class=\"etc-description\" style=\"text-align:center\">\n\n<\/div>\n<div class=\"etc-description\" style=\"text-align:center\">\n\n<\/div>\n<div class=\"etc-description\" style=\"text-align:center\">\n\n<\/div>\n<div class=\"etc-description\" style=\"text-align:center\">\n<br \/>\n<font color=\"#00429a\"><u><br \/>\n<span style=\"font-size: x-large\">Merce nuova con Etichetta&nbsp;<\/span><\/u><\/font>\n<\/div>\n<div class=\"etc-description\" style=\"text-align:center\">\n<span style=\"font-size:x-large\"><font color=\"#00429a\"><u>&nbsp;Max riservatezza pacco sempre anonimo.<\/u><\/font><br \/>\n<\/span><!-- ETC-Description-End -->\n<\/div>\n","protected":false},"excerpt":{"rendered":"<p>L\u2019Up To Heaven \u00e8 un sex toy dalla tripla stimolazione.&nbsp;Potente ma silenzioso, riesce a massaggiare contemporaneamente vagina, ano e clitoride grazie alla forma appositamente studiata per stimolare l&#8217;intera zona erogena femminile.&nbsp;Una volta inserito il mini bullet all\u2019interno dell\u2019estremit\u00e0 pi\u00f9 lunga, basta azionarlo e &#8230;<\/p>\n","protected":false},"featured_media":970,"comment_status":"open","ping_status":"closed","template":"","meta":{"site-sidebar-layout":"default","site-content-layout":"","ast-site-content-layout":"default","site-content-style":"default","site-sidebar-style":"default","ast-global-header-display":"","ast-banner-title-visibility":"","ast-main-header-display":"","ast-hfb-above-header-display":"","ast-hfb-below-header-display":"","ast-hfb-mobile-header-display":"","site-post-title":"","ast-breadcrumbs-content":"","ast-featured-img":"","footer-sml-layout":"","ast-disable-related-posts":"","theme-transparent-header-meta":"default","adv-header-id-meta":"","stick-header-meta":"","header-above-stick-meta":"","header-main-stick-meta":"","header-below-stick-meta":"","astra-migrate-meta-layouts":"set","ast-page-background-enabled":"default","ast-page-background-meta":{"desktop":{"background-color":"var(--ast-global-color-5)","background-image":"","background-repeat":"repeat","background-position":"center center","background-size":"auto","background-attachment":"scroll","background-type":"","background-media":"","overlay-type":"","overlay-color":"","overlay-opacity":"","overlay-gradient":""},"tablet":{"background-color":"","background-image":"","background-repeat":"repeat","background-position":"center center","background-size":"auto","background-attachment":"scroll","background-type":"","background-media":"","overlay-type":"","overlay-color":"","overlay-opacity":"","overlay-gradient":""},"mobile":{"background-color":"","background-image":"","background-repeat":"repeat","background-position":"center center","background-size":"auto","background-attachment":"scroll","background-type":"","background-media":"","overlay-type":"","overlay-color":"","overlay-opacity":"","overlay-gradient":""}},"ast-content-background-meta":{"desktop":{"background-color":"var(--ast-global-color-4)","background-image":"","background-repeat":"repeat","background-position":"center center","background-size":"auto","background-attachment":"scroll","background-type":"","background-media":"","overlay-type":"","overlay-color":"","overlay-opacity":"","overlay-gradient":""},"tablet":{"background-color":"var(--ast-global-color-4)","background-image":"","background-repeat":"repeat","background-position":"center center","background-size":"auto","background-attachment":"scroll","background-type":"","background-media":"","overlay-type":"","overlay-color":"","overlay-opacity":"","overlay-gradient":""},"mobile":{"background-color":"var(--ast-global-color-4)","background-image":"","background-repeat":"repeat","background-position":"center center","background-size":"auto","background-attachment":"scroll","background-type":"","background-media":"","overlay-type":"","overlay-color":"","overlay-opacity":"","overlay-gradient":""}},"_joinchat":[]},"product_brand":[],"product_cat":[19,64],"product_tag":[],"class_list":{"0":"post-948","1":"product","2":"type-product","3":"status-publish","4":"has-post-thumbnail","6":"product_cat-oggettistica","7":"product_cat-stimolatori-donna","8":"pa_supplier-msx-distribution-s-r-l","9":"desktop-align-center","10":"tablet-align-left","11":"mobile-align-left","13":"first","14":"instock","15":"shipping-taxable","16":"purchasable","17":"product-type-simple"},"jetpack_sharing_enabled":true,"_links":{"self":[{"href":"https:\/\/afroditeshop.it\/index.php\/wp-json\/wp\/v2\/product\/948","targetHints":{"allow":["GET"]}}],"collection":[{"href":"https:\/\/afroditeshop.it\/index.php\/wp-json\/wp\/v2\/product"}],"about":[{"href":"https:\/\/afroditeshop.it\/index.php\/wp-json\/wp\/v2\/types\/product"}],"replies":[{"embeddable":true,"href":"https:\/\/afroditeshop.it\/index.php\/wp-json\/wp\/v2\/comments?post=948"}],"wp:featuredmedia":[{"embeddable":true,"href":"https:\/\/afroditeshop.it\/index.php\/wp-json\/wp\/v2\/media\/970"}],"wp:attachment":[{"href":"https:\/\/afroditeshop.it\/index.php\/wp-json\/wp\/v2\/media?parent=948"}],"wp:term":[{"taxonomy":"product_brand","embeddable":true,"href":"https:\/\/afroditeshop.it\/index.php\/wp-json\/wp\/v2\/product_brand?post=948"},{"taxonomy":"product_cat","embeddable":true,"href":"https:\/\/afroditeshop.it\/index.php\/wp-json\/wp\/v2\/product_cat?post=948"},{"taxonomy":"product_tag","embeddable":true,"href":"https:\/\/afroditeshop.it\/index.php\/wp-json\/wp\/v2\/product_tag?post=948"}],"curies":[{"name":"wp","href":"https:\/\/api.w.org\/{rel}","templated":true}]}}